{"id":23150,"date":"2022-05-11T12:10:09","date_gmt":"2022-05-11T16:10:09","guid":{"rendered":"https:\/\/www.moove.store\/?page_id=23150"},"modified":"2022-05-19T07:44:28","modified_gmt":"2022-05-19T11:44:28","slug":"bowhead","status":"publish","type":"page","link":"https:\/\/www.moove.store\/fr\/nos-produits\/bowhead","title":{"rendered":"Bowhead"},"content":{"rendered":"<p>[vc_row row_type=\u00a0\u00bbrow\u00a0\u00bb use_row_as_full_screen_section=\u00a0\u00bbno\u00a0\u00bb type=\u00a0\u00bbfull_width\u00a0\u00bb text_align=\u00a0\u00bbleft\u00a0\u00bb background_animation=\u00a0\u00bbnone\u00a0\u00bb padding_top=\u00a0\u00bb14&Prime; padding_bottom=\u00a0\u00bb100&Prime; css_animation=\u00a0\u00bb\u00a0\u00bb][vc_column][vc_column_text]<\/p>\n<h1>BOWHEAD C\u2019EST POUR TOUT LE MONDE, IL PEUT VOUS EMMENER DANS DES ENDROITS O\u00d9 VOUS N\u2019\u00caTES JAMAIS ALL\u00c9S, OU RETOURNER \u00c0 DES ENDROITS QUE VOUS SOUHAITEZ ATTEINDRE \u00c0 NOUVEAU.<\/h1>\n<p>[\/vc_column_text][\/vc_column][vc_column]<div class='projects_holder_outer v2 portfolio_with_space portfolio_with_hover_text  qode-filter-position-top'>\n\n<div class='projects_holder clearfix v2 hover_text portfolio_default_image '>\n\n<article class=\"mix portfolio_category_286\">\n    <div class='image_holder standard_hover'>\n        \n<span class='image'><img loading=\"lazy\" decoding=\"async\" width=\"550\" height=\"498\" src=\"https:\/\/www.moove.store\/wp-content\/uploads\/2022\/05\/70f4f4_b146962ffe5e47d5941c76800ba83aebmv2-550x498.jpg\" class=\"attachment-portfolio-default size-portfolio-default wp-post-image\" alt=\"Bowhead adaptive mountain bike\" srcset=\"https:\/\/www.moove.store\/wp-content\/uploads\/2022\/05\/70f4f4_b146962ffe5e47d5941c76800ba83aebmv2-550x498.jpg 550w, https:\/\/www.moove.store\/wp-content\/uploads\/2022\/05\/70f4f4_b146962ffe5e47d5941c76800ba83aebmv2-480x434.jpg 480w, https:\/\/www.moove.store\/wp-content\/uploads\/2022\/05\/70f4f4_b146962ffe5e47d5941c76800ba83aebmv2-125x112.jpg 125w\" sizes=\"auto, (max-width: 550px) 100vw, 550px\" \/><\/span>\n                    <a class='portfolio_link_class' href='https:\/\/www.moove.store\/fr\/portfolio_page\/bowhead-rx' target='_self'><\/a>\n\t\t\n        <div class=\"portfolio_shader\"><\/div>\n<div class=\"text_holder\">\n\t<h4 class=\"portfolio_title\" style=\"font-size: 24px;\"> Bowhead RX &#8211; V\u00e9lo de montagne hybride adapt\u00e9<\/h4><h6 class=\"portfolio_subtitle\"> <\/h6>\t<span class=\"project_category\">\n        <span> In <\/span>\n\t\tBowhead    <\/span>\n<\/div>\n<div class=\"icons_holder\">\n\t<div class=\"icons_holder_inner\">\n\t\t\t\t\t<a class='portfolio_lightbox' title='Bowhead' href='https:\/\/www.moove.store\/wp-content\/uploads\/2022\/05\/70f4f4_b146962ffe5e47d5941c76800ba83aebmv2.jpg' data-rel='prettyPhoto[pretty_photo_gallery]'><\/a>\n\t\t\n\t\t\t<\/div>\n<\/div>\n\n    <\/div>\n<\/article>\n<article class=\"mix portfolio_category_286\">\n    <div class='image_holder standard_hover'>\n        \n<span class='image'><img loading=\"lazy\" decoding=\"async\" width=\"550\" height=\"498\" src=\"https:\/\/www.moove.store\/wp-content\/uploads\/2022\/05\/70f4f4_a6e48d432f9541f28ac00dd584d9591fmv2-550x498.jpg\" class=\"attachment-portfolio-default size-portfolio-default wp-post-image\" alt=\"Bowhead Reach\" srcset=\"https:\/\/www.moove.store\/wp-content\/uploads\/2022\/05\/70f4f4_a6e48d432f9541f28ac00dd584d9591fmv2-550x498.jpg 550w, https:\/\/www.moove.store\/wp-content\/uploads\/2022\/05\/70f4f4_a6e48d432f9541f28ac00dd584d9591fmv2-480x434.jpg 480w, https:\/\/www.moove.store\/wp-content\/uploads\/2022\/05\/70f4f4_a6e48d432f9541f28ac00dd584d9591fmv2-125x112.jpg 125w\" sizes=\"auto, (max-width: 550px) 100vw, 550px\" \/><\/span>\n                    <a class='portfolio_link_class' href='https:\/\/www.moove.store\/fr\/portfolio_page\/bowhead_reach' target='_self'><\/a>\n\t\t\n        <div class=\"portfolio_shader\"><\/div>\n<div class=\"text_holder\">\n\t<h4 class=\"portfolio_title\" style=\"font-size: 24px;\"> Bowhead Reach &#8211; V\u00e9lo de montagne adapt\u00e9 tout-\u00e9lectrique<\/h4><h6 class=\"portfolio_subtitle\"> <\/h6>\t<span class=\"project_category\">\n        <span> In <\/span>\n\t\tBowhead    <\/span>\n<\/div>\n<div class=\"icons_holder\">\n\t<div class=\"icons_holder_inner\">\n\t\t\t\t\t<a class='portfolio_lightbox' title='Bowhead' href='https:\/\/www.moove.store\/wp-content\/uploads\/2022\/05\/70f4f4_a6e48d432f9541f28ac00dd584d9591fmv2.jpg' data-rel='prettyPhoto[pretty_photo_gallery]'><\/a>\n\t\t\n\t\t\t<\/div>\n<\/div>\n\n    <\/div>\n<\/article>\n\t\t\t\t<div class='filler'><\/div>\n\t\t\t\t\t\t\t<div class='filler'><\/div>\n\t\t\t<\/div>\n    <\/div>\n[\/vc_column][\/vc_row]<\/p>\n","protected":false},"excerpt":{"rendered":"<p>[vc_row row_type=\u00a0\u00bbrow\u00a0\u00bb use_row_as_full_screen_section=\u00a0\u00bbno\u00a0\u00bb type=\u00a0\u00bbfull_width\u00a0\u00bb text_align=\u00a0\u00bbleft\u00a0\u00bb background_animation=\u00a0\u00bbnone\u00a0\u00bb padding_top=\u00a0\u00bb14&Prime; padding_bottom=\u00a0\u00bb100&Prime; css_animation=\u00a0\u00bb\u00a0\u00bb][vc_column][vc_column_text] BOWHEAD C\u2019EST POUR TOUT LE MONDE, IL PEUT VOUS EMMENER DANS DES ENDROITS O\u00d9 VOUS N\u2019\u00caTES JAMAIS ALL\u00c9S, OU RETOURNER \u00c0 DES ENDROITS QUE VOUS SOUHAITEZ ATTEINDRE \u00c0 NOUVEAU. [\/vc_column_text][\/vc_column][vc_column][\/vc_column][\/vc_row]<\/p>\n","protected":false},"author":1,"featured_media":23137,"parent":23046,"menu_order":39,"comment_status":"closed","ping_status":"closed","template":"","meta":{"footnotes":""},"class_list":["post-23150","page","type-page","status-publish","has-post-thumbnail","hentry"],"yoast_head":"<!-- This site is optimized with the Yoast SEO plugin v26.1.1 - https:\/\/yoast.com\/wordpress\/plugins\/seo\/ -->\n<title>Bowhead - Moove<\/title>\n<meta name=\"description\" content=\"BOWHEAD C\u2019EST POUR TOUT LE MONDE, IL PEUT VOUS EMMENER DANS DES ENDROITS O\u00d9 VOUS N\u2019\u00caTES JAMAIS ALL\u00c9S, OU RETOURNER \u00c0 DES ENDROITS QUE VOUS SOUHAITEZ ATTEINDRE \u00c0 NOUVEAU.\" \/>\n<meta name=\"robots\" content=\"index, follow, max-snippet:-1, max-image-preview:large, max-video-preview:-1\" \/>\n<link rel=\"canonical\" href=\"https:\/\/www.moove.store\/fr\/nos-produits\/bowhead\" \/>\n<meta property=\"og:locale\" content=\"fr_FR\" \/>\n<meta property=\"og:type\" content=\"article\" \/>\n<meta property=\"og:title\" content=\"Bowhead - Moove\" \/>\n<meta property=\"og:description\" content=\"BOWHEAD C\u2019EST POUR TOUT LE MONDE, IL PEUT VOUS EMMENER DANS DES ENDROITS O\u00d9 VOUS N\u2019\u00caTES JAMAIS ALL\u00c9S, OU RETOURNER \u00c0 DES ENDROITS QUE VOUS SOUHAITEZ ATTEINDRE \u00c0 NOUVEAU.\" \/>\n<meta property=\"og:url\" content=\"https:\/\/www.moove.store\/fr\/nos-produits\/bowhead\" \/>\n<meta property=\"og:site_name\" content=\"Moove\" \/>\n<meta property=\"article:publisher\" content=\"https:\/\/www.facebook.com\/moove2018\/\" \/>\n<meta property=\"article:modified_time\" content=\"2022-05-19T11:44:28+00:00\" \/>\n<meta property=\"og:image\" content=\"https:\/\/www.moove.store\/wp-content\/uploads\/2022\/05\/70f4f4_9e6e97c7e92443989b22414a66ad2ddamv2.jpg\" \/>\n\t<meta property=\"og:image:width\" content=\"895\" \/>\n\t<meta property=\"og:image:height\" content=\"658\" \/>\n\t<meta property=\"og:image:type\" content=\"image\/jpeg\" \/>\n<meta name=\"twitter:card\" content=\"summary_large_image\" \/>\n<meta name=\"twitter:site\" content=\"@mooveproducts\" \/>\n<meta name=\"twitter:label1\" content=\"Dur\u00e9e de lecture estim\u00e9e\" \/>\n\t<meta name=\"twitter:data1\" content=\"1 minute\" \/>\n<script type=\"application\/ld+json\" class=\"yoast-schema-graph\">{\"@context\":\"https:\/\/schema.org\",\"@graph\":[{\"@type\":\"WebPage\",\"@id\":\"https:\/\/www.moove.store\/fr\/nos-produits\/bowhead\",\"url\":\"https:\/\/www.moove.store\/fr\/nos-produits\/bowhead\",\"name\":\"Bowhead - Moove\",\"isPartOf\":{\"@id\":\"https:\/\/www.moove.store\/#website\"},\"primaryImageOfPage\":{\"@id\":\"https:\/\/www.moove.store\/fr\/nos-produits\/bowhead#primaryimage\"},\"image\":{\"@id\":\"https:\/\/www.moove.store\/fr\/nos-produits\/bowhead#primaryimage\"},\"thumbnailUrl\":\"https:\/\/www.moove.store\/wp-content\/uploads\/2022\/05\/70f4f4_9e6e97c7e92443989b22414a66ad2ddamv2.jpg\",\"datePublished\":\"2022-05-11T16:10:09+00:00\",\"dateModified\":\"2022-05-19T11:44:28+00:00\",\"description\":\"BOWHEAD C\u2019EST POUR TOUT LE MONDE, IL PEUT VOUS EMMENER DANS DES ENDROITS O\u00d9 VOUS N\u2019\u00caTES JAMAIS ALL\u00c9S, OU RETOURNER \u00c0 DES ENDROITS QUE VOUS SOUHAITEZ ATTEINDRE \u00c0 NOUVEAU.\",\"breadcrumb\":{\"@id\":\"https:\/\/www.moove.store\/fr\/nos-produits\/bowhead#breadcrumb\"},\"inLanguage\":\"fr-FR\",\"potentialAction\":[{\"@type\":\"ReadAction\",\"target\":[\"https:\/\/www.moove.store\/fr\/nos-produits\/bowhead\"]}]},{\"@type\":\"ImageObject\",\"inLanguage\":\"fr-FR\",\"@id\":\"https:\/\/www.moove.store\/fr\/nos-produits\/bowhead#primaryimage\",\"url\":\"https:\/\/www.moove.store\/wp-content\/uploads\/2022\/05\/70f4f4_9e6e97c7e92443989b22414a66ad2ddamv2.jpg\",\"contentUrl\":\"https:\/\/www.moove.store\/wp-content\/uploads\/2022\/05\/70f4f4_9e6e97c7e92443989b22414a66ad2ddamv2.jpg\",\"width\":895,\"height\":658,\"caption\":\"V\u00e9lo de montagne adapt\u00e9\"},{\"@type\":\"BreadcrumbList\",\"@id\":\"https:\/\/www.moove.store\/fr\/nos-produits\/bowhead#breadcrumb\",\"itemListElement\":[{\"@type\":\"ListItem\",\"position\":1,\"name\":\"Home\",\"item\":\"https:\/\/www.moove.store\/fr\"},{\"@type\":\"ListItem\",\"position\":2,\"name\":\"Nos produits\",\"item\":\"https:\/\/www.moove.store\/fr\/nos-produits\"},{\"@type\":\"ListItem\",\"position\":3,\"name\":\"Bowhead\"}]},{\"@type\":\"WebSite\",\"@id\":\"https:\/\/www.moove.store\/#website\",\"url\":\"https:\/\/www.moove.store\/\",\"name\":\"Moove\",\"description\":\"High-end products for wheelchair users.\",\"publisher\":{\"@id\":\"https:\/\/www.moove.store\/#organization\"},\"potentialAction\":[{\"@type\":\"SearchAction\",\"target\":{\"@type\":\"EntryPoint\",\"urlTemplate\":\"https:\/\/www.moove.store\/?s={search_term_string}\"},\"query-input\":{\"@type\":\"PropertyValueSpecification\",\"valueRequired\":true,\"valueName\":\"search_term_string\"}}],\"inLanguage\":\"fr-FR\"},{\"@type\":\"Organization\",\"@id\":\"https:\/\/www.moove.store\/#organization\",\"name\":\"Moove Store\",\"url\":\"https:\/\/www.moove.store\/\",\"logo\":{\"@type\":\"ImageObject\",\"inLanguage\":\"fr-FR\",\"@id\":\"https:\/\/www.moove.store\/#\/schema\/logo\/image\/\",\"url\":\"https:\/\/www.moove.store\/wp-content\/uploads\/2018\/10\/logo.png\",\"contentUrl\":\"https:\/\/www.moove.store\/wp-content\/uploads\/2018\/10\/logo.png\",\"width\":232,\"height\":97,\"caption\":\"Moove Store\"},\"image\":{\"@id\":\"https:\/\/www.moove.store\/#\/schema\/logo\/image\/\"},\"sameAs\":[\"https:\/\/www.facebook.com\/moove2018\/\",\"https:\/\/x.com\/mooveproducts\",\"https:\/\/www.instagram.com\/philoubedard\/\"]}]}<\/script>\n<!-- \/ Yoast SEO plugin. -->","yoast_head_json":{"title":"Bowhead - Moove","description":"BOWHEAD C\u2019EST POUR TOUT LE MONDE, IL PEUT VOUS EMMENER DANS DES ENDROITS O\u00d9 VOUS N\u2019\u00caTES JAMAIS ALL\u00c9S, OU RETOURNER \u00c0 DES ENDROITS QUE VOUS SOUHAITEZ ATTEINDRE \u00c0 NOUVEAU.","robots":{"index":"index","follow":"follow","max-snippet":"max-snippet:-1","max-image-preview":"max-image-preview:large","max-video-preview":"max-video-preview:-1"},"canonical":"https:\/\/www.moove.store\/fr\/nos-produits\/bowhead","og_locale":"fr_FR","og_type":"article","og_title":"Bowhead - Moove","og_description":"BOWHEAD C\u2019EST POUR TOUT LE MONDE, IL PEUT VOUS EMMENER DANS DES ENDROITS O\u00d9 VOUS N\u2019\u00caTES JAMAIS ALL\u00c9S, OU RETOURNER \u00c0 DES ENDROITS QUE VOUS SOUHAITEZ ATTEINDRE \u00c0 NOUVEAU.","og_url":"https:\/\/www.moove.store\/fr\/nos-produits\/bowhead","og_site_name":"Moove","article_publisher":"https:\/\/www.facebook.com\/moove2018\/","article_modified_time":"2022-05-19T11:44:28+00:00","og_image":[{"width":895,"height":658,"url":"https:\/\/www.moove.store\/wp-content\/uploads\/2022\/05\/70f4f4_9e6e97c7e92443989b22414a66ad2ddamv2.jpg","type":"image\/jpeg"}],"twitter_card":"summary_large_image","twitter_site":"@mooveproducts","twitter_misc":{"Dur\u00e9e de lecture estim\u00e9e":"1 minute"},"schema":{"@context":"https:\/\/schema.org","@graph":[{"@type":"WebPage","@id":"https:\/\/www.moove.store\/fr\/nos-produits\/bowhead","url":"https:\/\/www.moove.store\/fr\/nos-produits\/bowhead","name":"Bowhead - Moove","isPartOf":{"@id":"https:\/\/www.moove.store\/#website"},"primaryImageOfPage":{"@id":"https:\/\/www.moove.store\/fr\/nos-produits\/bowhead#primaryimage"},"image":{"@id":"https:\/\/www.moove.store\/fr\/nos-produits\/bowhead#primaryimage"},"thumbnailUrl":"https:\/\/www.moove.store\/wp-content\/uploads\/2022\/05\/70f4f4_9e6e97c7e92443989b22414a66ad2ddamv2.jpg","datePublished":"2022-05-11T16:10:09+00:00","dateModified":"2022-05-19T11:44:28+00:00","description":"BOWHEAD C\u2019EST POUR TOUT LE MONDE, IL PEUT VOUS EMMENER DANS DES ENDROITS O\u00d9 VOUS N\u2019\u00caTES JAMAIS ALL\u00c9S, OU RETOURNER \u00c0 DES ENDROITS QUE VOUS SOUHAITEZ ATTEINDRE \u00c0 NOUVEAU.","breadcrumb":{"@id":"https:\/\/www.moove.store\/fr\/nos-produits\/bowhead#breadcrumb"},"inLanguage":"fr-FR","potentialAction":[{"@type":"ReadAction","target":["https:\/\/www.moove.store\/fr\/nos-produits\/bowhead"]}]},{"@type":"ImageObject","inLanguage":"fr-FR","@id":"https:\/\/www.moove.store\/fr\/nos-produits\/bowhead#primaryimage","url":"https:\/\/www.moove.store\/wp-content\/uploads\/2022\/05\/70f4f4_9e6e97c7e92443989b22414a66ad2ddamv2.jpg","contentUrl":"https:\/\/www.moove.store\/wp-content\/uploads\/2022\/05\/70f4f4_9e6e97c7e92443989b22414a66ad2ddamv2.jpg","width":895,"height":658,"caption":"V\u00e9lo de montagne adapt\u00e9"},{"@type":"BreadcrumbList","@id":"https:\/\/www.moove.store\/fr\/nos-produits\/bowhead#breadcrumb","itemListElement":[{"@type":"ListItem","position":1,"name":"Home","item":"https:\/\/www.moove.store\/fr"},{"@type":"ListItem","position":2,"name":"Nos produits","item":"https:\/\/www.moove.store\/fr\/nos-produits"},{"@type":"ListItem","position":3,"name":"Bowhead"}]},{"@type":"WebSite","@id":"https:\/\/www.moove.store\/#website","url":"https:\/\/www.moove.store\/","name":"Moove","description":"High-end products for wheelchair users.","publisher":{"@id":"https:\/\/www.moove.store\/#organization"},"potentialAction":[{"@type":"SearchAction","target":{"@type":"EntryPoint","urlTemplate":"https:\/\/www.moove.store\/?s={search_term_string}"},"query-input":{"@type":"PropertyValueSpecification","valueRequired":true,"valueName":"search_term_string"}}],"inLanguage":"fr-FR"},{"@type":"Organization","@id":"https:\/\/www.moove.store\/#organization","name":"Moove Store","url":"https:\/\/www.moove.store\/","logo":{"@type":"ImageObject","inLanguage":"fr-FR","@id":"https:\/\/www.moove.store\/#\/schema\/logo\/image\/","url":"https:\/\/www.moove.store\/wp-content\/uploads\/2018\/10\/logo.png","contentUrl":"https:\/\/www.moove.store\/wp-content\/uploads\/2018\/10\/logo.png","width":232,"height":97,"caption":"Moove Store"},"image":{"@id":"https:\/\/www.moove.store\/#\/schema\/logo\/image\/"},"sameAs":["https:\/\/www.facebook.com\/moove2018\/","https:\/\/x.com\/mooveproducts","https:\/\/www.instagram.com\/philoubedard\/"]}]}},"_links":{"self":[{"href":"https:\/\/www.moove.store\/fr\/wp-json\/wp\/v2\/pages\/23150","targetHints":{"allow":["GET"]}}],"collection":[{"href":"https:\/\/www.moove.store\/fr\/wp-json\/wp\/v2\/pages"}],"about":[{"href":"https:\/\/www.moove.store\/fr\/wp-json\/wp\/v2\/types\/page"}],"author":[{"embeddable":true,"href":"https:\/\/www.moove.store\/fr\/wp-json\/wp\/v2\/users\/1"}],"replies":[{"embeddable":true,"href":"https:\/\/www.moove.store\/fr\/wp-json\/wp\/v2\/comments?post=23150"}],"version-history":[{"count":3,"href":"https:\/\/www.moove.store\/fr\/wp-json\/wp\/v2\/pages\/23150\/revisions"}],"predecessor-version":[{"id":23175,"href":"https:\/\/www.moove.store\/fr\/wp-json\/wp\/v2\/pages\/23150\/revisions\/23175"}],"up":[{"embeddable":true,"href":"https:\/\/www.moove.store\/fr\/wp-json\/wp\/v2\/pages\/23046"}],"wp:featuredmedia":[{"embeddable":true,"href":"https:\/\/www.moove.store\/fr\/wp-json\/wp\/v2\/media\/23137"}],"wp:attachment":[{"href":"https:\/\/www.moove.store\/fr\/wp-json\/wp\/v2\/media?parent=23150"}],"curies":[{"name":"wp","href":"https:\/\/api.w.org\/{rel}","templated":true}]}}