{"id":23076,"date":"2021-11-04T22:44:51","date_gmt":"2021-11-05T02:44:51","guid":{"rendered":"https:\/\/www.moove.store\/nos-produits\/electric-handcycle"},"modified":"2021-11-10T09:37:28","modified_gmt":"2021-11-10T14:37:28","slug":"velos-a-main-hybrides-et-electriques","status":"publish","type":"page","link":"https:\/\/www.moove.store\/fr\/nos-produits\/velos-a-main-hybrides-et-electriques","title":{"rendered":"V\u00e9los \u00e0 main hybrides et \u00e9lectriques de haute qualit\u00e9 | Explorez et voyagez comme jamais auparavant !"},"content":{"rendered":"<p>[vc_row row_type=\u00a0\u00bbrow\u00a0\u00bb use_row_as_full_screen_section=\u00a0\u00bbno\u00a0\u00bb type=\u00a0\u00bbfull_width\u00a0\u00bb text_align=\u00a0\u00bbleft\u00a0\u00bb background_animation=\u00a0\u00bbnone\u00a0\u00bb padding_top=\u00a0\u00bb14&Prime; padding_bottom=\u00a0\u00bb100&Prime; css_animation=\u00a0\u00bb\u00a0\u00bb][vc_column][vc_column_text]<\/p>\n<h1>V\u00e9los \u00e0 main hybrides et \u00e9lectriques de haute qualit\u00e9 | Explorez et voyagez comme jamais auparavant !<\/h1>\n<p><span style=\"font-weight: 400;\">Restez actif, mobile et profitez du plein air avec notre incroyable s\u00e9lection de produits Street Jet ORacing ! Avec quatre mod\u00e8les diff\u00e9rents de qualit\u00e9 sup\u00e9rieure et des constructions haut de gamme, nos produits Street Jet ORacing vous rendront heureux, satisfait et actif en un rien de temps !<\/span><\/p>\n<p><span style=\"font-weight: 400;\">Gr\u00e2ce \u00e0 l&rsquo;assistance \u00e9lectrique du Street Jet, profitez d&rsquo;une libert\u00e9 retrouv\u00e9e en toute s\u00e9curit\u00e9 et s\u00e9r\u00e9nit\u00e9 ! Partez pour de longues randonn\u00e9es \u00e0 travers les montagnes, escaladez des collines ou faites simplement un voyage rapide vers la maison de vos amis en utilisant l&rsquo;\u00e9quipement d&rsquo;ORacing !<\/span><\/p>\n<p>&nbsp;<\/p>\n<h2><\/h2>\n<p>[\/vc_column_text][\/vc_column][\/vc_row][vc_row row_type=\u00a0\u00bbrow\u00a0\u00bb use_row_as_full_screen_section=\u00a0\u00bbno\u00a0\u00bb type=\u00a0\u00bbfull_width\u00a0\u00bb text_align=\u00a0\u00bbleft\u00a0\u00bb background_animation=\u00a0\u00bbnone\u00a0\u00bb padding_top=\u00a0\u00bb14&Prime; padding_bottom=\u00a0\u00bb100&Prime; css_animation=\u00a0\u00bb\u00a0\u00bb][vc_column][vc_column_text]<\/p>\n<h2>D\u00e9couvrez la s\u00e9lection de v\u00e9los \u00e0 main hybrides et \u00e9lectriques haut de gamme de Moove<\/h2>\n<p>Extr\u00eamement fiable et agr\u00e9able \u00e0 utiliser, la gamme Street Jet Oracing propose des options hybrides et \u00e9lectriques, vous permettant de la recharger simplement \u00e0 la maison et d&rsquo;utiliser les Street Jets \u00e0 z\u00e9ro \u00e9mission de carbone ![\/vc_column_text][\/vc_column][\/vc_row][vc_row row_type=\u00a0\u00bbrow\u00a0\u00bb use_row_as_full_screen_section=\u00a0\u00bbno\u00a0\u00bb type=\u00a0\u00bbfull_width\u00a0\u00bb text_align=\u00a0\u00bbleft\u00a0\u00bb background_animation=\u00a0\u00bbnone\u00a0\u00bb padding_top=\u00a0\u00bb14&Prime; padding_bottom=\u00a0\u00bb100&Prime; css_animation=\u00a0\u00bb\u00a0\u00bb][vc_column width=\u00a0\u00bb1\/2&Prime;][vc_single_image image=\u00a0\u00bb22941&Prime; img_size=\u00a0\u00bblarge\u00a0\u00bb alignment=\u00a0\u00bbcenter\u00a0\u00bb onclick=\u00a0\u00bbcustom_link\u00a0\u00bb qode_css_animation=\u00a0\u00bb\u00a0\u00bb link=\u00a0\u00bbhttps:\/\/www.moove.store\/portfolio_page\/street-jet-hybrid\u00a0\u00bb][vc_empty_space height=\u00a0\u00bb30&Prime;][vc_column_text]<\/p>\n<h3>V\u00e9lo \u00e0 main hybride Street Jet<\/h3>\n<p><span style=\"font-weight: 400;\">Faites du sport, restez en forme et profitez du plein air avec notre v\u00e9lo \u00e0 main hybride attachable \u00e0 votre fauteuil roulant. Gr\u00e2ce \u00e0 l&rsquo;assistant \u00e9lectrique int\u00e9gr\u00e9, c&rsquo;est le handbike id\u00e9al pour les aventuriers, les longues distances, les ascensions de collines ou pour profiter de la montagne.<\/span>[\/vc_column_text][vc_empty_space height=\u00a0\u00bb20&Prime;]<a href=\"https:\/\/www.moove.store\/fr\/portfolio_page\/street-jet-hybrid\" target=\"_self\"  class=\"qbutton \" style=\"\">Learn more<\/a>[\/vc_column][vc_column width=\u00a0\u00bb1\/2&Prime;][vc_single_image image=\u00a0\u00bb22943&Prime; img_size=\u00a0\u00bblarge\u00a0\u00bb alignment=\u00a0\u00bbcenter\u00a0\u00bb onclick=\u00a0\u00bbcustom_link\u00a0\u00bb qode_css_animation=\u00a0\u00bb\u00a0\u00bb link=\u00a0\u00bbhttps:\/\/www.moove.store\/portfolio_page\/street-jet-ultrapower-16&Prime;][vc_empty_space height=\u00a0\u00bb30&Prime;][vc_column_text]<\/p>\n<h3>Street Jet Ultrapower 16\u201d<\/h3>\n<p><span style=\"font-weight: 400;\">Le handbike \u00e9lectrique le plus puissant de la famille ORacing, l&rsquo;Ultrapower 16&Prime; est dot\u00e9 d&rsquo;un moteur \u00e9lectrique 500W imposant mais compact. Profitez des freins \u00e0 disque Shimano de 180 mm \u00e0 5 vitesses et d&rsquo;une roue de 16 pouces pour conqu\u00e9rir m\u00eame les terrains les plus difficiles. L&rsquo;adaptation quadripl\u00e9gie est possible !<\/span>[\/vc_column_text][vc_empty_space height=\u00a0\u00bb20&Prime;]<a href=\"https:\/\/www.moove.store\/fr\/portfolio_page\/street-jet-ultrapower-16\" target=\"_self\"  class=\"qbutton \" style=\"\">Learn more<\/a>[\/vc_column][\/vc_row][vc_row row_type=\u00a0\u00bbrow\u00a0\u00bb use_row_as_full_screen_section=\u00a0\u00bbno\u00a0\u00bb type=\u00a0\u00bbfull_width\u00a0\u00bb text_align=\u00a0\u00bbleft\u00a0\u00bb background_animation=\u00a0\u00bbnone\u00a0\u00bb padding_top=\u00a0\u00bb14&Prime; padding_bottom=\u00a0\u00bb100&Prime; css_animation=\u00a0\u00bb\u00a0\u00bb][vc_column width=\u00a0\u00bb1\/2&Prime;][vc_single_image image=\u00a0\u00bb22945&Prime; img_size=\u00a0\u00bblarge\u00a0\u00bb alignment=\u00a0\u00bbcenter\u00a0\u00bb onclick=\u00a0\u00bbcustom_link\u00a0\u00bb qode_css_animation=\u00a0\u00bb\u00a0\u00bb link=\u00a0\u00bbhttps:\/\/www.moove.store\/portfolio_page\/oracing-streetjet-power-12&Prime;][vc_empty_space height=\u00a0\u00bb30&Prime;][vc_column_text]<\/p>\n<h3>Street Jet Power 12<\/h3>\n<p><span style=\"font-weight: 400;\">Efficace et compact, le Power 12 est le petit fr\u00e8re de l&rsquo;Ultrapower 16&Prime;. Avec un puissant moteur sans balais en magn\u00e9sium de 500 W, une roue de 12&Prime;, un syst\u00e8me de serrage automatique et une option de r\u00e9gulateur de vitesse, c&rsquo;est une option facile \u00e0 utiliser et fiable pour tous les handicaps ! L&rsquo;adaptation quadripl\u00e9gie est possible !<\/span>[\/vc_column_text][vc_empty_space height=\u00a0\u00bb20&Prime;]<a href=\"https:\/\/www.moove.store\/fr\/portfolio_page\/oracing-streetjet-power-12\" target=\"_self\"  class=\"qbutton \" style=\"\">Learn more<\/a>[\/vc_column][vc_column width=\u00a0\u00bb1\/2&Prime;][vc_single_image image=\u00a0\u00bb22947&Prime; img_size=\u00a0\u00bblarge\u00a0\u00bb alignment=\u00a0\u00bbcenter\u00a0\u00bb onclick=\u00a0\u00bbcustom_link\u00a0\u00bb qode_css_animation=\u00a0\u00bb\u00a0\u00bb link=\u00a0\u00bbhttps:\/\/www.moove.store\/portfolio_page\/streetjet\u00a0\u00bb][vc_empty_space height=\u00a0\u00bb30&Prime;][vc_column_text]<\/p>\n<h3>Oracing Street Jet 12<\/h3>\n<p><span style=\"font-weight: 400;\">Le mod\u00e8le le plus l\u00e9ger de la famille ORacing Streetjet ! Ce petit moteur de 250W a 5 vitesses et fonctionne sur une batterie de 36V\/16 Ah. Avec ses roues de 12&Prime; et son syst\u00e8me de freinage Shimano, il suffit pour toutes vos activit\u00e9s quotidiennes et plus encore ! L&rsquo;adaptation quadripl\u00e9gie est possible !<\/span>[\/vc_column_text][vc_empty_space height=\u00a0\u00bb20&Prime;]<a href=\"https:\/\/www.moove.store\/fr\/portfolio_page\/streetjet\" target=\"_self\"  class=\"qbutton \" style=\"\">Learn more<\/a>[\/vc_column][\/vc_row][vc_row row_type=\u00a0\u00bbrow\u00a0\u00bb use_row_as_full_screen_section=\u00a0\u00bbno\u00a0\u00bb type=\u00a0\u00bbfull_width\u00a0\u00bb text_align=\u00a0\u00bbleft\u00a0\u00bb background_animation=\u00a0\u00bbnone\u00a0\u00bb padding_top=\u00a0\u00bb14&Prime; padding_bottom=\u00a0\u00bb100&Prime; css_animation=\u00a0\u00bb\u00a0\u00bb][vc_column][vc_column_text]<\/p>\n<h2>Caract\u00e9ristiques de la famille StreetJet<\/h2>\n<h3>V\u00e9los \u00e0 main enti\u00e8rement \u00e9lectriques<\/h3>\n<p>Qu&rsquo;il s&rsquo;agisse de notre v\u00e9lo \u00e0 main hybride ou de ses homologues enti\u00e8rement automatis\u00e9s, ceux qui ach\u00e8tent un v\u00e9lo \u00e0 main Oracing profiteront d&rsquo;un syst\u00e8me tout \u00e9lectrique qui est \u00e9cologique, rentable et durable.<\/p>\n<p>Nos moteurs enti\u00e8rement \u00e9lectriques et nos moteurs d&rsquo;assistance \u00e9lectrique se rechargent facilement depuis chez vous gr\u00e2ce \u00e0 une batterie amovible : il suffit de la brancher sur une prise et votre Streetjet sera pr\u00eate \u00e0 vous emmener vers de nouvelles aventures ! Notre moteur \u00e9lectrique vous offrira des ann\u00e9es de bon service tout en n\u00e9cessitant un entretien minimal, il peut m\u00eame \u00eatre accompagn\u00e9 d&rsquo;un r\u00e9gulateur de vitesse. Que peux tu demander de plus?<\/p>\n<p>&nbsp;<\/p>\n<h3>Caract\u00e9ristiques de s\u00e9curit\u00e9 haut de gamme<\/h3>\n<p>Nos mod\u00e8les Street Jet font passer la s\u00e9curit\u00e9 \u00e0 un niveau sup\u00e9rieur avec des fonctionnalit\u00e9s innovantes telles que des pinces automatiques, un \u00e9clairage frontal et des syst\u00e8mes de freinage fiables.<\/p>\n<p>Le syst\u00e8me de serrage automatique est parfait pour les t\u00e9trapl\u00e9giques, leur offrant plus d&rsquo;ind\u00e9pendance. Il existe \u00e9galement une adaptation de t\u00e9trapl\u00e9gie optique pour vous faciliter la vie ! La lumi\u00e8re frontale ne bloque pas la ligne de mire du cycliste et est parfaite pour les activit\u00e9s de fin de soir\u00e9e ou de nuit, et les syst\u00e8mes de freinage Shimano de haute qualit\u00e9 vous aident \u00e0 respirer facilement lorsque vous descendez des collines escarp\u00e9es ou sur un terrain accident\u00e9 !<\/p>\n<p>&nbsp;<\/p>\n<h3>Facile \u00e0 attacher, d\u00e9tacher, transporter et ranger !<\/h3>\n<p>Gr\u00e2ce \u00e0 son syst\u00e8me de serrage automatis\u00e9, il est simple et rapide d&rsquo;installer et de retirer le streetjet de votre fauteuil roulant. Son design compact le rend facile \u00e0 ranger et se rangera facilement dans le coffre d&rsquo;une voiture pour \u00eatre transport\u00e9.<\/p>\n<p>&nbsp;<\/p>\n<h3>N&rsquo;ayez plus peur de quitter la route !<\/h3>\n<p>Ce n&rsquo;est pas toujours une bonne id\u00e9e d&rsquo;aller sur des terrains plus accident\u00e9s tels que l&rsquo;herbe et les collines avec un fauteuil roulant ordinaire, mais les v\u00e9los \u00e0 main \u00e9lectriques StreetJet peuvent changer cela ! Avec leurs moteurs puissants, leurs gros pneus et leurs multiples options de vitesse, n&rsquo;importe qui peut d\u00e9sormais naviguer dans des environnements difficiles avec facilit\u00e9 et confort ! Faire des randonn\u00e9es, aller au parc, faire de longues promenades et bien plus encore, c&rsquo;est possible avec ORacing ![\/vc_column_text][\/vc_column][\/vc_row][vc_row row_type=\u00a0\u00bbrow\u00a0\u00bb use_row_as_full_screen_section=\u00a0\u00bbno\u00a0\u00bb type=\u00a0\u00bbfull_width\u00a0\u00bb text_align=\u00a0\u00bbleft\u00a0\u00bb background_animation=\u00a0\u00bbnone\u00a0\u00bb padding_top=\u00a0\u00bb14&Prime; padding_bottom=\u00a0\u00bb100&Prime; css_animation=\u00a0\u00bb\u00a0\u00bb][vc_column][vc_column_text]<\/p>\n<h2>En savoir plus sur les options \u00e9lectriques et hybrides de Moove pour votre fauteuil roulant<\/h2>\n<h3>\u00c0 propos du Street Jet<\/h3>\n<p>Faisant partie de la gamme Oracing, les Street Jets sont de petits moteurs d\u00e9tachables l\u00e9gers mais puissants qui peuvent \u00eatre fix\u00e9s \u00e0 l&rsquo;avant des fauteuils roulants. Destin\u00e9 \u00e0 aider les personnes handicap\u00e9es des membres inf\u00e9rieurs, chaque Street Jet est livr\u00e9 avec une pince qui s&rsquo;adapte \u00e0 des tubes de diff\u00e9rentes tailles. Capable de s&rsquo;aligner perpendiculairement au cadre d&rsquo;un fauteuil roulant, sans petits boutons ni boutons, la pince Street Jet Oracing peut \u00eatre actionn\u00e9e via une palette noire avec juste la paume de votre main. Cela permet une plus grande ind\u00e9pendance pour ceux qui ont des fonctions de main limit\u00e9es, ou pour ceux qui utilisent simplement leur autre main \u00e0 d&rsquo;autres fins.<\/p>\n<p>Combin\u00e9e \u00e0 sa longue dur\u00e9e de vie de la batterie, \u00e0 ses excellents disques de frein, \u00e0 son garde-boue en fibre de carbone et \u00e0 sa maniabilit\u00e9 incroyable, la gamme ORacer Street Jet est le choix parfait pour vous sortir, vous et votre fauteuil roulant, des \u00ab\u00a0sentiers battus\u00a0\u00bb. R\u00e9cup\u00e9rez votre pleine ind\u00e9pendance en plein air aujourd&rsquo;hui avec notre meilleure s\u00e9lection de produits Oracing Street Jet !<\/p>\n<h2><\/h2>\n<h3>Est-ce que certains mod\u00e8les Street Jet fonctionneront avec mon fauteuil roulant ?<\/h3>\n<p>La plupart d&rsquo;entre eux le feront ! Comme mentionn\u00e9 ci-dessus, chaque produit Street Jet Oracing est livr\u00e9 avec une pince qui permet une fixation\/d\u00e9tachement rapide et facile. Utilisable avec juste la paume d&rsquo;une de vos mains, la pince est con\u00e7ue pour pouvoir \u00eatre fix\u00e9e \u00e0 une vari\u00e9t\u00e9 de mod\u00e8les de fauteuils roulants. N&rsquo;h\u00e9sitez pas \u00e0 nous contacter et \u00e0 discuter de vos besoins sp\u00e9cifiques avec nos experts, ils se feront un plaisir de r\u00e9pondre \u00e0 toutes vos questions et de trouver le produit parfait pour vous !<\/p>\n<p>Sans boutons, leviers ou interrupteurs fantaisistes, la pince Street Jet Oracing vous oblige simplement \u00e0 aligner votre fauteuil roulant perpendiculairement au Street Jet lui-m\u00eame, \u00e0 la serrer, et maintenant vous \u00eates pr\u00eat \u00e0 partir avec tout le temps du monde \u00e0 revendre ! Commandez un produit Street Jet Oracing dans notre magasin aujourd&rsquo;hui et reprenez votre ind\u00e9pendance en plein air d\u00e8s maintenant ![\/vc_column_text][\/vc_column][\/vc_row]<\/p>\n","protected":false},"excerpt":{"rendered":"<p>[vc_row row_type=\u00a0\u00bbrow\u00a0\u00bb use_row_as_full_screen_section=\u00a0\u00bbno\u00a0\u00bb type=\u00a0\u00bbfull_width\u00a0\u00bb text_align=\u00a0\u00bbleft\u00a0\u00bb background_animation=\u00a0\u00bbnone\u00a0\u00bb padding_top=\u00a0\u00bb14&Prime; padding_bottom=\u00a0\u00bb100&Prime; css_animation=\u00a0\u00bb\u00a0\u00bb][vc_column][vc_column_text] V\u00e9los \u00e0 main hybrides et \u00e9lectriques de haute qualit\u00e9 | Explorez et voyagez comme jamais auparavant ! Restez actif, mobile et profitez du plein air avec notre incroyable s\u00e9lection de produits Street Jet ORacing ! Avec&#8230;<\/p>\n","protected":false},"author":2,"featured_media":0,"parent":23046,"menu_order":43,"comment_status":"closed","ping_status":"closed","template":"","meta":{"footnotes":""},"class_list":["post-23076","page","type-page","status-publish","hentry"],"yoast_head":"<!-- This site is optimized with the Yoast SEO plugin v26.1.1 - https:\/\/yoast.com\/wordpress\/plugins\/seo\/ -->\n<title>Les meilleurs moteurs amovibles et v\u00e9los \u00e0 main pour fauteuils roulants au Canada | Bouger<\/title>\n<meta name=\"description\" content=\"Vous voulez profiter de l&#039;ext\u00e9rieur et faire du plein air avec plus d&#039;ind\u00e9pendance que jamais ? Faites-le maintenant avec la gamme de moteurs et de v\u00e9los \u00e0 main Street Jet Oracing de Moove con\u00e7us pour vous aider !\" \/>\n<meta name=\"robots\" content=\"index, follow, max-snippet:-1, max-image-preview:large, max-video-preview:-1\" \/>\n<link rel=\"canonical\" href=\"https:\/\/www.moove.store\/fr\/nos-produits\/velos-a-main-hybrides-et-electriques\" \/>\n<meta property=\"og:locale\" content=\"fr_FR\" \/>\n<meta property=\"og:type\" content=\"article\" \/>\n<meta property=\"og:title\" content=\"Les meilleurs moteurs amovibles et v\u00e9los \u00e0 main pour fauteuils roulants au Canada | Bouger\" \/>\n<meta property=\"og:description\" content=\"Vous voulez profiter de l&#039;ext\u00e9rieur et faire du plein air avec plus d&#039;ind\u00e9pendance que jamais ? Faites-le maintenant avec la gamme de moteurs et de v\u00e9los \u00e0 main Street Jet Oracing de Moove con\u00e7us pour vous aider !\" \/>\n<meta property=\"og:url\" content=\"https:\/\/www.moove.store\/fr\/nos-produits\/velos-a-main-hybrides-et-electriques\" \/>\n<meta property=\"og:site_name\" content=\"Moove\" \/>\n<meta property=\"article:publisher\" content=\"https:\/\/www.facebook.com\/moove2018\/\" \/>\n<meta property=\"article:modified_time\" content=\"2021-11-10T14:37:28+00:00\" \/>\n<meta name=\"twitter:card\" content=\"summary_large_image\" \/>\n<meta name=\"twitter:site\" content=\"@mooveproducts\" \/>\n<meta name=\"twitter:label1\" content=\"Dur\u00e9e de lecture estim\u00e9e\" \/>\n\t<meta name=\"twitter:data1\" content=\"6 minutes\" \/>\n<script type=\"application\/ld+json\" class=\"yoast-schema-graph\">{\"@context\":\"https:\/\/schema.org\",\"@graph\":[{\"@type\":\"WebPage\",\"@id\":\"https:\/\/www.moove.store\/fr\/nos-produits\/velos-a-main-hybrides-et-electriques\",\"url\":\"https:\/\/www.moove.store\/fr\/nos-produits\/velos-a-main-hybrides-et-electriques\",\"name\":\"Les meilleurs moteurs amovibles et v\u00e9los \u00e0 main pour fauteuils roulants au Canada | Bouger\",\"isPartOf\":{\"@id\":\"https:\/\/www.moove.store\/#website\"},\"datePublished\":\"2021-11-05T02:44:51+00:00\",\"dateModified\":\"2021-11-10T14:37:28+00:00\",\"description\":\"Vous voulez profiter de l'ext\u00e9rieur et faire du plein air avec plus d'ind\u00e9pendance que jamais ? Faites-le maintenant avec la gamme de moteurs et de v\u00e9los \u00e0 main Street Jet Oracing de Moove con\u00e7us pour vous aider !\",\"breadcrumb\":{\"@id\":\"https:\/\/www.moove.store\/fr\/nos-produits\/velos-a-main-hybrides-et-electriques#breadcrumb\"},\"inLanguage\":\"fr-FR\",\"potentialAction\":[{\"@type\":\"ReadAction\",\"target\":[\"https:\/\/www.moove.store\/fr\/nos-produits\/velos-a-main-hybrides-et-electriques\"]}]},{\"@type\":\"BreadcrumbList\",\"@id\":\"https:\/\/www.moove.store\/fr\/nos-produits\/velos-a-main-hybrides-et-electriques#breadcrumb\",\"itemListElement\":[{\"@type\":\"ListItem\",\"position\":1,\"name\":\"Home\",\"item\":\"https:\/\/www.moove.store\/fr\"},{\"@type\":\"ListItem\",\"position\":2,\"name\":\"Nos produits\",\"item\":\"https:\/\/www.moove.store\/fr\/nos-produits\"},{\"@type\":\"ListItem\",\"position\":3,\"name\":\"V\u00e9los \u00e0 main hybrides et \u00e9lectriques de haute qualit\u00e9 | Explorez et voyagez comme jamais auparavant !\"}]},{\"@type\":\"WebSite\",\"@id\":\"https:\/\/www.moove.store\/#website\",\"url\":\"https:\/\/www.moove.store\/\",\"name\":\"Moove\",\"description\":\"High-end products for wheelchair users.\",\"publisher\":{\"@id\":\"https:\/\/www.moove.store\/#organization\"},\"potentialAction\":[{\"@type\":\"SearchAction\",\"target\":{\"@type\":\"EntryPoint\",\"urlTemplate\":\"https:\/\/www.moove.store\/?s={search_term_string}\"},\"query-input\":{\"@type\":\"PropertyValueSpecification\",\"valueRequired\":true,\"valueName\":\"search_term_string\"}}],\"inLanguage\":\"fr-FR\"},{\"@type\":\"Organization\",\"@id\":\"https:\/\/www.moove.store\/#organization\",\"name\":\"Moove Store\",\"url\":\"https:\/\/www.moove.store\/\",\"logo\":{\"@type\":\"ImageObject\",\"inLanguage\":\"fr-FR\",\"@id\":\"https:\/\/www.moove.store\/#\/schema\/logo\/image\/\",\"url\":\"https:\/\/www.moove.store\/wp-content\/uploads\/2018\/10\/logo.png\",\"contentUrl\":\"https:\/\/www.moove.store\/wp-content\/uploads\/2018\/10\/logo.png\",\"width\":232,\"height\":97,\"caption\":\"Moove Store\"},\"image\":{\"@id\":\"https:\/\/www.moove.store\/#\/schema\/logo\/image\/\"},\"sameAs\":[\"https:\/\/www.facebook.com\/moove2018\/\",\"https:\/\/x.com\/mooveproducts\",\"https:\/\/www.instagram.com\/philoubedard\/\"]}]}<\/script>\n<!-- \/ Yoast SEO plugin. -->","yoast_head_json":{"title":"Les meilleurs moteurs amovibles et v\u00e9los \u00e0 main pour fauteuils roulants au Canada | Bouger","description":"Vous voulez profiter de l'ext\u00e9rieur et faire du plein air avec plus d'ind\u00e9pendance que jamais ? Faites-le maintenant avec la gamme de moteurs et de v\u00e9los \u00e0 main Street Jet Oracing de Moove con\u00e7us pour vous aider !","robots":{"index":"index","follow":"follow","max-snippet":"max-snippet:-1","max-image-preview":"max-image-preview:large","max-video-preview":"max-video-preview:-1"},"canonical":"https:\/\/www.moove.store\/fr\/nos-produits\/velos-a-main-hybrides-et-electriques","og_locale":"fr_FR","og_type":"article","og_title":"Les meilleurs moteurs amovibles et v\u00e9los \u00e0 main pour fauteuils roulants au Canada | Bouger","og_description":"Vous voulez profiter de l'ext\u00e9rieur et faire du plein air avec plus d'ind\u00e9pendance que jamais ? Faites-le maintenant avec la gamme de moteurs et de v\u00e9los \u00e0 main Street Jet Oracing de Moove con\u00e7us pour vous aider !","og_url":"https:\/\/www.moove.store\/fr\/nos-produits\/velos-a-main-hybrides-et-electriques","og_site_name":"Moove","article_publisher":"https:\/\/www.facebook.com\/moove2018\/","article_modified_time":"2021-11-10T14:37:28+00:00","twitter_card":"summary_large_image","twitter_site":"@mooveproducts","twitter_misc":{"Dur\u00e9e de lecture estim\u00e9e":"6 minutes"},"schema":{"@context":"https:\/\/schema.org","@graph":[{"@type":"WebPage","@id":"https:\/\/www.moove.store\/fr\/nos-produits\/velos-a-main-hybrides-et-electriques","url":"https:\/\/www.moove.store\/fr\/nos-produits\/velos-a-main-hybrides-et-electriques","name":"Les meilleurs moteurs amovibles et v\u00e9los \u00e0 main pour fauteuils roulants au Canada | Bouger","isPartOf":{"@id":"https:\/\/www.moove.store\/#website"},"datePublished":"2021-11-05T02:44:51+00:00","dateModified":"2021-11-10T14:37:28+00:00","description":"Vous voulez profiter de l'ext\u00e9rieur et faire du plein air avec plus d'ind\u00e9pendance que jamais ? Faites-le maintenant avec la gamme de moteurs et de v\u00e9los \u00e0 main Street Jet Oracing de Moove con\u00e7us pour vous aider !","breadcrumb":{"@id":"https:\/\/www.moove.store\/fr\/nos-produits\/velos-a-main-hybrides-et-electriques#breadcrumb"},"inLanguage":"fr-FR","potentialAction":[{"@type":"ReadAction","target":["https:\/\/www.moove.store\/fr\/nos-produits\/velos-a-main-hybrides-et-electriques"]}]},{"@type":"BreadcrumbList","@id":"https:\/\/www.moove.store\/fr\/nos-produits\/velos-a-main-hybrides-et-electriques#breadcrumb","itemListElement":[{"@type":"ListItem","position":1,"name":"Home","item":"https:\/\/www.moove.store\/fr"},{"@type":"ListItem","position":2,"name":"Nos produits","item":"https:\/\/www.moove.store\/fr\/nos-produits"},{"@type":"ListItem","position":3,"name":"V\u00e9los \u00e0 main hybrides et \u00e9lectriques de haute qualit\u00e9 | Explorez et voyagez comme jamais auparavant !"}]},{"@type":"WebSite","@id":"https:\/\/www.moove.store\/#website","url":"https:\/\/www.moove.store\/","name":"Moove","description":"High-end products for wheelchair users.","publisher":{"@id":"https:\/\/www.moove.store\/#organization"},"potentialAction":[{"@type":"SearchAction","target":{"@type":"EntryPoint","urlTemplate":"https:\/\/www.moove.store\/?s={search_term_string}"},"query-input":{"@type":"PropertyValueSpecification","valueRequired":true,"valueName":"search_term_string"}}],"inLanguage":"fr-FR"},{"@type":"Organization","@id":"https:\/\/www.moove.store\/#organization","name":"Moove Store","url":"https:\/\/www.moove.store\/","logo":{"@type":"ImageObject","inLanguage":"fr-FR","@id":"https:\/\/www.moove.store\/#\/schema\/logo\/image\/","url":"https:\/\/www.moove.store\/wp-content\/uploads\/2018\/10\/logo.png","contentUrl":"https:\/\/www.moove.store\/wp-content\/uploads\/2018\/10\/logo.png","width":232,"height":97,"caption":"Moove Store"},"image":{"@id":"https:\/\/www.moove.store\/#\/schema\/logo\/image\/"},"sameAs":["https:\/\/www.facebook.com\/moove2018\/","https:\/\/x.com\/mooveproducts","https:\/\/www.instagram.com\/philoubedard\/"]}]}},"_links":{"self":[{"href":"https:\/\/www.moove.store\/fr\/wp-json\/wp\/v2\/pages\/23076","targetHints":{"allow":["GET"]}}],"collection":[{"href":"https:\/\/www.moove.store\/fr\/wp-json\/wp\/v2\/pages"}],"about":[{"href":"https:\/\/www.moove.store\/fr\/wp-json\/wp\/v2\/types\/page"}],"author":[{"embeddable":true,"href":"https:\/\/www.moove.store\/fr\/wp-json\/wp\/v2\/users\/2"}],"replies":[{"embeddable":true,"href":"https:\/\/www.moove.store\/fr\/wp-json\/wp\/v2\/comments?post=23076"}],"version-history":[{"count":4,"href":"https:\/\/www.moove.store\/fr\/wp-json\/wp\/v2\/pages\/23076\/revisions"}],"predecessor-version":[{"id":23092,"href":"https:\/\/www.moove.store\/fr\/wp-json\/wp\/v2\/pages\/23076\/revisions\/23092"}],"up":[{"embeddable":true,"href":"https:\/\/www.moove.store\/fr\/wp-json\/wp\/v2\/pages\/23046"}],"wp:attachment":[{"href":"https:\/\/www.moove.store\/fr\/wp-json\/wp\/v2\/media?parent=23076"}],"curies":[{"name":"wp","href":"https:\/\/api.w.org\/{rel}","templated":true}]}}