{"id":23072,"date":"2021-11-04T23:12:50","date_gmt":"2021-11-05T03:12:50","guid":{"rendered":"https:\/\/www.moove.store\/nos-produits\/ultra-lightweight-wheelchair"},"modified":"2021-11-10T09:26:42","modified_gmt":"2021-11-10T14:26:42","slug":"chaises-roulantes-legeres","status":"publish","type":"page","link":"https:\/\/www.moove.store\/fr\/nos-produits\/chaises-roulantes-legeres","title":{"rendered":"Les meilleures chaises roulantes l\u00e9g\u00e8res \u00e0 vendre- Choisissez un fauteuil qui s&rsquo;adapte \u00e0 vous et \u00e0 votre style de vie"},"content":{"rendered":"<p>[vc_row row_type=\u00a0\u00bbrow\u00a0\u00bb use_row_as_full_screen_section=\u00a0\u00bbno\u00a0\u00bb type=\u00a0\u00bbfull_width\u00a0\u00bb text_align=\u00a0\u00bbleft\u00a0\u00bb background_animation=\u00a0\u00bbnone\u00a0\u00bb padding_top=\u00a0\u00bb14&Prime; padding_bottom=\u00a0\u00bb100&Prime; css_animation=\u00a0\u00bb\u00a0\u00bb][vc_column][vc_column_text]<\/p>\n<h1>Les meilleures chaises roulantes l\u00e9g\u00e8res \u00e0 vendre- Choisissez un fauteuil qui s&rsquo;adapte \u00e0 vous et \u00e0 votre style de vie<\/h1>\n<p><span style=\"font-weight: 400;\">Vous n&rsquo;avez jamais r\u00e9ussi \u00e0 trouver un fauteuil roulant qui corresponde \u00e0 ce que vous recherchez? Les fauteuils roulants sont-ils toujours trop grands, trop petits ou trop lourds ? Vous craignez que le cadre de votre fauteuil roulant se cabosse ou se d\u00e9forme trop facilement sous la contrainte ? Avec la gamme Progeo et RGK de fauteuils roulants l\u00e9gers personnalis\u00e9s de Moove, toutes ces questions et bien d&rsquo;autres trouvent une r\u00e9ponse !\u00a0<\/span><\/p>\n<p><span style=\"font-weight: 400;\">Chacun de nos fauteuils roulants est fabriqu\u00e9 sur mesure selon vos sp\u00e9cifications et mesures, avec une vari\u00e9t\u00e9 d&rsquo;options pour des mat\u00e9riaux de cadre l\u00e9gers. Avec une maniabilit\u00e9 unique et des styles de conception accrocheurs, nos mat\u00e9riaux offrent une r\u00e9sistance maximale et sont con\u00e7us pour durer. Avec diff\u00e9rents styles de construction tels que le cadre soud\u00e9, monobloc ou multi pi\u00e8ces, Moove vous offre le meilleur du meilleur pour les fauteuils roulants l\u00e9gers et compacts, le tout avec une maniabilit\u00e9 dynamique et des mat\u00e9riaux de la plus haute qualit\u00e9.<\/span>[\/vc_column_text][\/vc_column][\/vc_row][vc_row row_type=\u00a0\u00bbrow\u00a0\u00bb use_row_as_full_screen_section=\u00a0\u00bbno\u00a0\u00bb type=\u00a0\u00bbfull_width\u00a0\u00bb text_align=\u00a0\u00bbleft\u00a0\u00bb background_animation=\u00a0\u00bbnone\u00a0\u00bb padding_top=\u00a0\u00bb14&Prime; padding_bottom=\u00a0\u00bb100&Prime; css_animation=\u00a0\u00bb\u00a0\u00bb][vc_column][vc_column_text]<\/p>\n<h2>D\u00e9couvrez la s\u00e9lection de fauteuils roulants l\u00e9gers haut de gamme de Moove<\/h2>\n<p>Extr\u00eamement fiables et faciles \u00e0 utiliser, la plupart de nos chaises ont un cadre rigide pour un meilleur ajustement, des performances optimis\u00e9es et une bonne durabilit\u00e9. En achetant chez Moove, vous pouvez profiter de produits enti\u00e8rement personnalisables et des fauteuils roulants les plus l\u00e9gers du march\u00e9.[\/vc_column_text][vc_column_text]<\/p>\n<h2 style=\"text-align: center;\">Nos mod\u00e8les de fauteuils roulants ultras l\u00e9gers RGK<\/h2>\n<p>[\/vc_column_text][\/vc_column][\/vc_row][vc_row row_type=\u00a0\u00bbrow\u00a0\u00bb use_row_as_full_screen_section=\u00a0\u00bbno\u00a0\u00bb type=\u00a0\u00bbfull_width\u00a0\u00bb text_align=\u00a0\u00bbleft\u00a0\u00bb background_animation=\u00a0\u00bbnone\u00a0\u00bb padding_top=\u00a0\u00bb14&Prime; padding_bottom=\u00a0\u00bb100&Prime; css_animation=\u00a0\u00bb\u00a0\u00bb][vc_column width=\u00a0\u00bb1\/2&Prime;][vc_single_image image=\u00a0\u00bb22952&Prime; img_size=\u00a0\u00bblarge\u00a0\u00bb alignment=\u00a0\u00bbcenter\u00a0\u00bb onclick=\u00a0\u00bbcustom_link\u00a0\u00bb qode_css_animation=\u00a0\u00bb\u00a0\u00bb link=\u00a0\u00bbhttps:\/\/www.moove.store\/portfolio_page\/rgk-tiga \u00ab\u00a0][vc_empty_space height=\u00a0\u00bb30\u00a0\u00bb][vc_column_text]<\/p>\n<h3>The Tiga<\/h3>\n<p><span style=\"font-weight: 400;\">Une chaise tr\u00e8s performante au design attrayant et moderne pour vous accompagner au quotidien ! Simple et \u00e9l\u00e9gante, il s&rsquo;agit d&rsquo;une excellente chaise rigide personnalis\u00e9e qui offre toujours des performances et une durabilit\u00e9 maximales. Une vraie chaise polyvalente !<\/span>[\/vc_column_text][vc_empty_space height=\u00a0\u00bb20&Prime;]<a href=\"https:\/\/www.moove.store\/fr\/portfolio_page\/rgk-tiga \" target=\"_self\"  class=\"qbutton \" style=\"\">Learn more<\/a>[\/vc_column][vc_column width=\u00a0\u00bb1\/2&Prime;][vc_single_image image=\u00a0\u00bb22954&Prime; img_size=\u00a0\u00bblarge\u00a0\u00bb alignment=\u00a0\u00bbcenter\u00a0\u00bb onclick=\u00a0\u00bbcustom_link\u00a0\u00bb qode_css_animation=\u00a0\u00bb\u00a0\u00bb link=\u00a0\u00bbhttps:\/\/www.moove.store\/portfolio_page\/rgk-tiga-sub4&Prime;][vc_empty_space height=\u00a0\u00bb30&Prime;][vc_column_text]<\/p>\n<h3>The Tiga Sub4<\/h3>\n<p><span style=\"font-weight: 400;\">Fabriqu\u00e9 \u00e0 partir d&rsquo;aluminium de qualit\u00e9 a\u00e9rospatiale, le Sub4 a \u00e9t\u00e9 con\u00e7u avec amour, passion et d\u00e9termination pour fournir le fauteuil roulant sur mesure le plus l\u00e9ger, sans compromis! Avec les m\u00eames caract\u00e9ristiques de fiabilit\u00e9 que le TIGA, tant dans la conception que dans les mat\u00e9riaux, vous pouvez \u00eatre s\u00fbr que le Sub4 n&rsquo;est pas seulement super l\u00e9ger : il est aussi super solide !<\/span>[\/vc_column_text][vc_empty_space height=\u00a0\u00bb20&Prime;]<a href=\"https:\/\/www.moove.store\/fr\/portfolio_page\/rgk-tiga-sub4\" target=\"_self\"  class=\"qbutton \" style=\"\">Learn more<\/a>[\/vc_column][\/vc_row][vc_row row_type=\u00a0\u00bbrow\u00a0\u00bb use_row_as_full_screen_section=\u00a0\u00bbno\u00a0\u00bb type=\u00a0\u00bbfull_width\u00a0\u00bb text_align=\u00a0\u00bbleft\u00a0\u00bb background_animation=\u00a0\u00bbnone\u00a0\u00bb padding_top=\u00a0\u00bb14&Prime; padding_bottom=\u00a0\u00bb100&Prime; css_animation=\u00a0\u00bb\u00a0\u00bb][vc_column width=\u00a0\u00bb1\/2&Prime;][vc_single_image image=\u00a0\u00bb22968&Prime; img_size=\u00a0\u00bblarge\u00a0\u00bb alignment=\u00a0\u00bbcenter\u00a0\u00bb onclick=\u00a0\u00bbcustom_link\u00a0\u00bb qode_css_animation=\u00a0\u00bb\u00a0\u00bb link=\u00a0\u00bbhttps:\/\/www.moove.store\/portfolio_page\/rgk-tiga-sub4-octane\u00a0\u00bb][vc_empty_space height=\u00a0\u00bb30&Prime;][vc_column_text]<\/p>\n<h3>The Tiga Sub4 Octane<\/h3>\n<p><span style=\"font-weight: 400;\">Le RGK Octane Sub4 est aussi beau que fonctionnel et \u00e9l\u00e8ve le fauteuil roulant quotidien \u00e0 un tout nouveau niveau de performance. Le r\u00e9sultat est un fauteuil roulant ultra l\u00e9ger et solide qui est parfaitement con\u00e7u pour s&rsquo;adapter \u00e0 vous et \u00e0 votre style de vie.<\/span>[\/vc_column_text][vc_empty_space height=\u00a0\u00bb20&Prime;]<a href=\"https:\/\/www.moove.store\/fr\/portfolio_page\/rgk-tiga \" target=\"_self\"  class=\"qbutton \" style=\"\">Learn more<\/a>[\/vc_column][vc_column width=\u00a0\u00bb1\/2&Prime;][vc_single_image image=\u00a0\u00bb22954&Prime; img_size=\u00a0\u00bblarge\u00a0\u00bb alignment=\u00a0\u00bbcenter\u00a0\u00bb onclick=\u00a0\u00bbcustom_link\u00a0\u00bb qode_css_animation=\u00a0\u00bb\u00a0\u00bb link=\u00a0\u00bbhttps:\/\/www.moove.store\/portfolio_page\/rgk\u00a0\u00bb][vc_empty_space height=\u00a0\u00bb30&Prime;][vc_column_text]<\/p>\n<h3>The Tiga TX All Terrain<\/h3>\n<p><span style=\"font-weight: 400;\">Le RGK Tiga TX est dot\u00e9 d&rsquo;un cadre en aluminium l\u00e9ger, d&rsquo;une position de roulette mont\u00e9e vers l&rsquo;avant et de roues pivotantes avant surdimensionn\u00e9es pour offrir la possibilit\u00e9 d&rsquo;explorer le tout-terrain avec une stabilit\u00e9 maximale et un effort minimal<\/span>[\/vc_column_text][vc_empty_space height=\u00a0\u00bb20&Prime;]<a href=\"https:\/\/www.moove.store\/fr\/portfolio_page\/rgk\" target=\"_self\"  class=\"qbutton \" style=\"\">Learn more<\/a>[\/vc_column][\/vc_row][vc_row row_type=\u00a0\u00bbrow\u00a0\u00bb use_row_as_full_screen_section=\u00a0\u00bbno\u00a0\u00bb type=\u00a0\u00bbfull_width\u00a0\u00bb text_align=\u00a0\u00bbleft\u00a0\u00bb background_animation=\u00a0\u00bbnone\u00a0\u00bb padding_top=\u00a0\u00bb14&Prime; padding_bottom=\u00a0\u00bb100&Prime; css_animation=\u00a0\u00bb\u00a0\u00bb][vc_column][vc_column_text]<\/p>\n<h2 style=\"text-align: center;\">Nos fauteuils roulants l\u00e9gers Progeo<\/h2>\n<p>[\/vc_column_text][\/vc_column][\/vc_row][vc_row row_type=\u00a0\u00bbrow\u00a0\u00bb use_row_as_full_screen_section=\u00a0\u00bbno\u00a0\u00bb type=\u00a0\u00bbfull_width\u00a0\u00bb text_align=\u00a0\u00bbleft\u00a0\u00bb background_animation=\u00a0\u00bbnone\u00a0\u00bb padding_top=\u00a0\u00bb14&Prime; padding_bottom=\u00a0\u00bb100&Prime; css_animation=\u00a0\u00bb\u00a0\u00bb][vc_column width=\u00a0\u00bb1\/2&Prime;][vc_single_image image=\u00a0\u00bb22960&Prime; img_size=\u00a0\u00bblarge\u00a0\u00bb alignment=\u00a0\u00bbcenter\u00a0\u00bb onclick=\u00a0\u00bbcustom_link\u00a0\u00bb qode_css_animation=\u00a0\u00bb\u00a0\u00bb link=\u00a0\u00bbhttps:\/\/www.moove.store\/portfolio_page\/progeo-joker-energy\u00a0\u00bb][vc_empty_space height=\u00a0\u00bb30&Prime;][vc_column_text]<\/p>\n<h3>Progeo Joker Energy<\/h3>\n<p><span style=\"font-weight: 400;\">Vous cherchez un fauteuil roulant \u00e0 cadre rigide fiable et fabriqu\u00e9 uniquement pour vous? Le Progeo Joker Energy est un fauteuil roulant attrayant, bien con\u00e7u, extr\u00eamement l\u00e9ger et compact, fait sur mesure pour vous!<\/span>[\/vc_column_text][vc_empty_space height=\u00a0\u00bb20&Prime;]<a href=\"https:\/\/www.moove.store\/fr\/portfolio_page\/progeo-joker-energy\" target=\"_self\"  class=\"qbutton \" style=\"\">Learn more<\/a>[\/vc_column][vc_column width=\u00a0\u00bb1\/2&Prime;][vc_single_image image=\u00a0\u00bb22962&Prime; img_size=\u00a0\u00bblarge\u00a0\u00bb alignment=\u00a0\u00bbcenter\u00a0\u00bb onclick=\u00a0\u00bbcustom_link\u00a0\u00bb qode_css_animation=\u00a0\u00bb\u00a0\u00bb link=\u00a0\u00bbhttps:\/\/www.moove.store\/portfolio_page\/noir2-0&Prime;][vc_empty_space height=\u00a0\u00bb30&Prime;][vc_column_text]<\/p>\n<h3>Progeo Noir 2.0<\/h3>\n<p><span style=\"font-weight: 400;\">L&rsquo;un des seuls fauteuils roulants en fibre de carbone sur mesure, il se renouvelle dans ses lignes et ses formes pour un look et des performances sup\u00e9rieures. Un look accrocheur et lin\u00e9aire \u00e9tonnant ainsi qu&rsquo;un poids minimum, une r\u00e9sistance maximale et une maniabilit\u00e9 et un dynamisme uniques !<\/span>[\/vc_column_text][vc_empty_space height=\u00a0\u00bb20&Prime;]<a href=\"https:\/\/www.moove.store\/fr\/portfolio_page\/noir2-0\" target=\"_self\"  class=\"qbutton \" style=\"\">Learn more<\/a>[\/vc_column][\/vc_row][vc_row row_type=\u00a0\u00bbrow\u00a0\u00bb use_row_as_full_screen_section=\u00a0\u00bbno\u00a0\u00bb type=\u00a0\u00bbfull_width\u00a0\u00bb text_align=\u00a0\u00bbleft\u00a0\u00bb background_animation=\u00a0\u00bbnone\u00a0\u00bb padding_top=\u00a0\u00bb14&Prime; padding_bottom=\u00a0\u00bb100&Prime; css_animation=\u00a0\u00bb\u00a0\u00bb][vc_column width=\u00a0\u00bb1\/2&Prime;][vc_single_image image=\u00a0\u00bb22964&Prime; img_size=\u00a0\u00bblarge\u00a0\u00bb alignment=\u00a0\u00bbcenter\u00a0\u00bb onclick=\u00a0\u00bbcustom_link\u00a0\u00bb qode_css_animation=\u00a0\u00bb\u00a0\u00bb link=\u00a0\u00bbhttps:\/\/www.moove.store\/portfolio_page\/rgk-elite\u00a0\u00bb][vc_empty_space height=\u00a0\u00bb30&Prime;][vc_column_text]<\/p>\n<h3>Progeo Duke<\/h3>\n<p><span style=\"font-weight: 400;\">Le fauteuil roulant Duke est compos\u00e9 de deux cadres en fibre de carbone monocoque avec des formes de sections diff\u00e9renci\u00e9es, lui conf\u00e9rant une grande r\u00e9sistance et r\u00e9activit\u00e9. Le design et les caract\u00e9ristiques d&rsquo;un fauteuil roulant sur mesure tout en gardant la possibilit\u00e9 de r\u00e9glages finaux!<\/span>[\/vc_column_text][vc_empty_space height=\u00a0\u00bb20&Prime;]<a href=\"https:\/\/www.moove.store\/portfolio_page\/progeo-duke\" target=\"_self\"  class=\"qbutton \" style=\"\">Learn more<\/a>[\/vc_column][\/vc_row][vc_row row_type=\u00a0\u00bbrow\u00a0\u00bb use_row_as_full_screen_section=\u00a0\u00bbno\u00a0\u00bb type=\u00a0\u00bbfull_width\u00a0\u00bb text_align=\u00a0\u00bbleft\u00a0\u00bb background_animation=\u00a0\u00bbnone\u00a0\u00bb padding_top=\u00a0\u00bb14&Prime; padding_bottom=\u00a0\u00bb100&Prime; css_animation=\u00a0\u00bb\u00a0\u00bb][vc_column][vc_column_text]<\/p>\n<h2>Les fauteuils roulants Progeo de Moove me conviendront-ils?<\/h2>\n<p>Oui, ils sont un excellent choix! Tous les fauteuils roulants de la gamme Progeo et RGK de Moove sont fabriqu\u00e9s sur commande, ce qui signifie que toutes les sp\u00e9cifications sont mesur\u00e9es et con\u00e7ues selon vos besoins ! Avec diff\u00e9rents styles de cadre, d&rsquo;assise, de mat\u00e9riaux et de style, tous les fauteuils roulants l\u00e9gers de Moove sont con\u00e7us pour durer,\u00a0 sp\u00e9cialement pour vous ! Consid\u00e9rez les diff\u00e9rents styles de fauteuils roulants que nous proposons et trouver l&rsquo;ajustement parfait pour garder la roue en mouvement avec Moove ! Pour plus d&rsquo;informations, ou simplement pour des questions sur nos fauteuils roulants l\u00e9gers, <a href=\"https:\/\/www.moove.store\/contact-us\">demandez ici<\/a>.[\/vc_column_text][\/vc_column][\/vc_row][vc_row row_type=\u00a0\u00bbrow\u00a0\u00bb use_row_as_full_screen_section=\u00a0\u00bbno\u00a0\u00bb type=\u00a0\u00bbfull_width\u00a0\u00bb text_align=\u00a0\u00bbleft\u00a0\u00bb background_animation=\u00a0\u00bbnone\u00a0\u00bb padding_top=\u00a0\u00bb14&Prime; padding_bottom=\u00a0\u00bb100&Prime; css_animation=\u00a0\u00bb\u00a0\u00bb][vc_column][vc_column_text]<\/p>\n<h2>Pourquoi choisir un cadre rigide ?<\/h2>\n<p>Les cadres rigides diff\u00e8rent de ceux des fauteuils roulants pliables \u00e0 plusieurs \u00e9gards. Si vous le ramenez \u00e0 un niveau de base, vous pourriez dire qu&rsquo;un fauteuil roulant \u00e0 cadre rigide est con\u00e7u en pensant \u00e0 l&rsquo;utilisateur, tandis que les fauteuils roulants \u00e0 cadre pliant sont con\u00e7us pour mieux s&rsquo;adapter au compagnon de l&rsquo;utilisateur. Bien que ce soit vraiment une question de pr\u00e9f\u00e9rence personnelle, il est toujours bon de prendre en compte ce pour quoi chaque cadre est con\u00e7u.<\/p>\n<p>Les fauteuils roulants \u00e0 cadre rigide sont un bon choix pour les utilisateurs qui appr\u00e9cient un mode de vie actif ou les jeunes. Les fauteuils roulants ultral\u00e9gers \u00e0 cadre rigide sont con\u00e7us dans le but d&rsquo;optimiser les performances, et ces performances sont consid\u00e9rablement augment\u00e9es dans ces fauteuils extr\u00eamement l\u00e9gers, car le cadre rigide transf\u00e8re toute l&rsquo;\u00e9nergie de la pouss\u00e9e de la roue en mouvement vers l&rsquo;avant. Il est bon de noter que m\u00eame les chaises rigides peuvent se plier, mais pas aussi bien que les mod\u00e8les pliables. La plupart des fauteuils roulants \u00e0 cadre rigide offrent la possibilit\u00e9 d&rsquo;un dossier rabattable.<\/p>\n<p>Les chaises rigides sont vraiment con\u00e7ues pour accueillir les utilisateurs d&rsquo;une mani\u00e8re que les chaises \u00e0 cadre pliable ne sont pas, car elles sont limit\u00e9es par leur capacit\u00e9 \u00e0 se plier en une forme compacte. Ils peuvent \u00eatre personnalis\u00e9s selon la morphologie de l&rsquo;utilisateur, avec une forme ergonomique plus large au niveau de l&rsquo;assise et se r\u00e9tr\u00e9cissant jusqu&rsquo;aux genoux. Ils sont g\u00e9n\u00e9ralement facilement personnalisables et r\u00e9glables, avec divers r\u00e9glages de hauteur, de cambrure et d&rsquo;angle qui peuvent \u00eatre adapt\u00e9s aux besoins de l&rsquo;utilisateur pour augmenter son ind\u00e9pendance.[\/vc_column_text][\/vc_column][\/vc_row]<\/p>\n","protected":false},"excerpt":{"rendered":"<p>[vc_row row_type=\u00a0\u00bbrow\u00a0\u00bb use_row_as_full_screen_section=\u00a0\u00bbno\u00a0\u00bb type=\u00a0\u00bbfull_width\u00a0\u00bb text_align=\u00a0\u00bbleft\u00a0\u00bb background_animation=\u00a0\u00bbnone\u00a0\u00bb padding_top=\u00a0\u00bb14&Prime; padding_bottom=\u00a0\u00bb100&Prime; css_animation=\u00a0\u00bb\u00a0\u00bb][vc_column][vc_column_text] Les meilleures chaises roulantes l\u00e9g\u00e8res \u00e0 vendre- Choisissez un fauteuil qui s&rsquo;adapte \u00e0 vous et \u00e0 votre style de vie Vous n&rsquo;avez jamais r\u00e9ussi \u00e0 trouver un fauteuil roulant qui corresponde \u00e0 ce que vous recherchez?&#8230;<\/p>\n","protected":false},"author":2,"featured_media":0,"parent":23046,"menu_order":44,"comment_status":"closed","ping_status":"closed","template":"","meta":{"footnotes":""},"class_list":["post-23072","page","type-page","status-publish","hentry"],"yoast_head":"<!-- This site is optimized with the Yoast SEO plugin v26.1.1 - https:\/\/yoast.com\/wordpress\/plugins\/seo\/ -->\n<title>Fauteuils Roulants L\u00e9gers Faits Sur Mesure Pour Vous | Moove - Chaises Roulantes L\u00e9g\u00e8res \u00e0 Vendre Canada - Chaises - Fauteuils<\/title>\n<meta name=\"description\" content=\"Les meilleurs fauteuils roulants l\u00e9gers sur mesure au Canada, uniquement chez Moove. Choisissez des chaises roulantes de marque Progeo et RGK pour les meilleurs performances sur le march\u00e9\" \/>\n<meta name=\"robots\" content=\"index, follow, max-snippet:-1, max-image-preview:large, max-video-preview:-1\" \/>\n<link rel=\"canonical\" href=\"https:\/\/www.moove.store\/fr\/nos-produits\/chaises-roulantes-legeres\" \/>\n<meta property=\"og:locale\" content=\"fr_FR\" \/>\n<meta property=\"og:type\" content=\"article\" \/>\n<meta property=\"og:title\" content=\"Fauteuils Roulants L\u00e9gers Faits Sur Mesure Pour Vous | Moove - Chaises Roulantes L\u00e9g\u00e8res \u00e0 Vendre Canada - Chaises - Fauteuils\" \/>\n<meta property=\"og:description\" content=\"Les meilleurs fauteuils roulants l\u00e9gers sur mesure au Canada, uniquement chez Moove. Choisissez des chaises roulantes de marque Progeo et RGK pour les meilleurs performances sur le march\u00e9\" \/>\n<meta property=\"og:url\" content=\"https:\/\/www.moove.store\/fr\/nos-produits\/chaises-roulantes-legeres\" \/>\n<meta property=\"og:site_name\" content=\"Moove\" \/>\n<meta property=\"article:publisher\" content=\"https:\/\/www.facebook.com\/moove2018\/\" \/>\n<meta property=\"article:modified_time\" content=\"2021-11-10T14:26:42+00:00\" \/>\n<meta name=\"twitter:card\" content=\"summary_large_image\" \/>\n<meta name=\"twitter:site\" content=\"@mooveproducts\" \/>\n<meta name=\"twitter:label1\" content=\"Dur\u00e9e de lecture estim\u00e9e\" \/>\n\t<meta name=\"twitter:data1\" content=\"6 minutes\" \/>\n<script type=\"application\/ld+json\" class=\"yoast-schema-graph\">{\"@context\":\"https:\/\/schema.org\",\"@graph\":[{\"@type\":\"WebPage\",\"@id\":\"https:\/\/www.moove.store\/fr\/nos-produits\/chaises-roulantes-legeres\",\"url\":\"https:\/\/www.moove.store\/fr\/nos-produits\/chaises-roulantes-legeres\",\"name\":\"Fauteuils Roulants L\u00e9gers Faits Sur Mesure Pour Vous | Moove - Chaises Roulantes L\u00e9g\u00e8res \u00e0 Vendre Canada - Chaises - Fauteuils\",\"isPartOf\":{\"@id\":\"https:\/\/www.moove.store\/#website\"},\"datePublished\":\"2021-11-05T03:12:50+00:00\",\"dateModified\":\"2021-11-10T14:26:42+00:00\",\"description\":\"Les meilleurs fauteuils roulants l\u00e9gers sur mesure au Canada, uniquement chez Moove. Choisissez des chaises roulantes de marque Progeo et RGK pour les meilleurs performances sur le march\u00e9\",\"breadcrumb\":{\"@id\":\"https:\/\/www.moove.store\/fr\/nos-produits\/chaises-roulantes-legeres#breadcrumb\"},\"inLanguage\":\"fr-FR\",\"potentialAction\":[{\"@type\":\"ReadAction\",\"target\":[\"https:\/\/www.moove.store\/fr\/nos-produits\/chaises-roulantes-legeres\"]}]},{\"@type\":\"BreadcrumbList\",\"@id\":\"https:\/\/www.moove.store\/fr\/nos-produits\/chaises-roulantes-legeres#breadcrumb\",\"itemListElement\":[{\"@type\":\"ListItem\",\"position\":1,\"name\":\"Home\",\"item\":\"https:\/\/www.moove.store\/fr\"},{\"@type\":\"ListItem\",\"position\":2,\"name\":\"Nos produits\",\"item\":\"https:\/\/www.moove.store\/fr\/nos-produits\"},{\"@type\":\"ListItem\",\"position\":3,\"name\":\"Les meilleures chaises roulantes l\u00e9g\u00e8res \u00e0 vendre- Choisissez un fauteuil qui s&rsquo;adapte \u00e0 vous et \u00e0 votre style de vie\"}]},{\"@type\":\"WebSite\",\"@id\":\"https:\/\/www.moove.store\/#website\",\"url\":\"https:\/\/www.moove.store\/\",\"name\":\"Moove\",\"description\":\"High-end products for wheelchair users.\",\"publisher\":{\"@id\":\"https:\/\/www.moove.store\/#organization\"},\"potentialAction\":[{\"@type\":\"SearchAction\",\"target\":{\"@type\":\"EntryPoint\",\"urlTemplate\":\"https:\/\/www.moove.store\/?s={search_term_string}\"},\"query-input\":{\"@type\":\"PropertyValueSpecification\",\"valueRequired\":true,\"valueName\":\"search_term_string\"}}],\"inLanguage\":\"fr-FR\"},{\"@type\":\"Organization\",\"@id\":\"https:\/\/www.moove.store\/#organization\",\"name\":\"Moove Store\",\"url\":\"https:\/\/www.moove.store\/\",\"logo\":{\"@type\":\"ImageObject\",\"inLanguage\":\"fr-FR\",\"@id\":\"https:\/\/www.moove.store\/#\/schema\/logo\/image\/\",\"url\":\"https:\/\/www.moove.store\/wp-content\/uploads\/2018\/10\/logo.png\",\"contentUrl\":\"https:\/\/www.moove.store\/wp-content\/uploads\/2018\/10\/logo.png\",\"width\":232,\"height\":97,\"caption\":\"Moove Store\"},\"image\":{\"@id\":\"https:\/\/www.moove.store\/#\/schema\/logo\/image\/\"},\"sameAs\":[\"https:\/\/www.facebook.com\/moove2018\/\",\"https:\/\/x.com\/mooveproducts\",\"https:\/\/www.instagram.com\/philoubedard\/\"]}]}<\/script>\n<!-- \/ Yoast SEO plugin. -->","yoast_head_json":{"title":"Fauteuils Roulants L\u00e9gers Faits Sur Mesure Pour Vous | Moove - Chaises Roulantes L\u00e9g\u00e8res \u00e0 Vendre Canada - Chaises - Fauteuils","description":"Les meilleurs fauteuils roulants l\u00e9gers sur mesure au Canada, uniquement chez Moove. Choisissez des chaises roulantes de marque Progeo et RGK pour les meilleurs performances sur le march\u00e9","robots":{"index":"index","follow":"follow","max-snippet":"max-snippet:-1","max-image-preview":"max-image-preview:large","max-video-preview":"max-video-preview:-1"},"canonical":"https:\/\/www.moove.store\/fr\/nos-produits\/chaises-roulantes-legeres","og_locale":"fr_FR","og_type":"article","og_title":"Fauteuils Roulants L\u00e9gers Faits Sur Mesure Pour Vous | Moove - Chaises Roulantes L\u00e9g\u00e8res \u00e0 Vendre Canada - Chaises - Fauteuils","og_description":"Les meilleurs fauteuils roulants l\u00e9gers sur mesure au Canada, uniquement chez Moove. Choisissez des chaises roulantes de marque Progeo et RGK pour les meilleurs performances sur le march\u00e9","og_url":"https:\/\/www.moove.store\/fr\/nos-produits\/chaises-roulantes-legeres","og_site_name":"Moove","article_publisher":"https:\/\/www.facebook.com\/moove2018\/","article_modified_time":"2021-11-10T14:26:42+00:00","twitter_card":"summary_large_image","twitter_site":"@mooveproducts","twitter_misc":{"Dur\u00e9e de lecture estim\u00e9e":"6 minutes"},"schema":{"@context":"https:\/\/schema.org","@graph":[{"@type":"WebPage","@id":"https:\/\/www.moove.store\/fr\/nos-produits\/chaises-roulantes-legeres","url":"https:\/\/www.moove.store\/fr\/nos-produits\/chaises-roulantes-legeres","name":"Fauteuils Roulants L\u00e9gers Faits Sur Mesure Pour Vous | Moove - Chaises Roulantes L\u00e9g\u00e8res \u00e0 Vendre Canada - Chaises - Fauteuils","isPartOf":{"@id":"https:\/\/www.moove.store\/#website"},"datePublished":"2021-11-05T03:12:50+00:00","dateModified":"2021-11-10T14:26:42+00:00","description":"Les meilleurs fauteuils roulants l\u00e9gers sur mesure au Canada, uniquement chez Moove. Choisissez des chaises roulantes de marque Progeo et RGK pour les meilleurs performances sur le march\u00e9","breadcrumb":{"@id":"https:\/\/www.moove.store\/fr\/nos-produits\/chaises-roulantes-legeres#breadcrumb"},"inLanguage":"fr-FR","potentialAction":[{"@type":"ReadAction","target":["https:\/\/www.moove.store\/fr\/nos-produits\/chaises-roulantes-legeres"]}]},{"@type":"BreadcrumbList","@id":"https:\/\/www.moove.store\/fr\/nos-produits\/chaises-roulantes-legeres#breadcrumb","itemListElement":[{"@type":"ListItem","position":1,"name":"Home","item":"https:\/\/www.moove.store\/fr"},{"@type":"ListItem","position":2,"name":"Nos produits","item":"https:\/\/www.moove.store\/fr\/nos-produits"},{"@type":"ListItem","position":3,"name":"Les meilleures chaises roulantes l\u00e9g\u00e8res \u00e0 vendre- Choisissez un fauteuil qui s&rsquo;adapte \u00e0 vous et \u00e0 votre style de vie"}]},{"@type":"WebSite","@id":"https:\/\/www.moove.store\/#website","url":"https:\/\/www.moove.store\/","name":"Moove","description":"High-end products for wheelchair users.","publisher":{"@id":"https:\/\/www.moove.store\/#organization"},"potentialAction":[{"@type":"SearchAction","target":{"@type":"EntryPoint","urlTemplate":"https:\/\/www.moove.store\/?s={search_term_string}"},"query-input":{"@type":"PropertyValueSpecification","valueRequired":true,"valueName":"search_term_string"}}],"inLanguage":"fr-FR"},{"@type":"Organization","@id":"https:\/\/www.moove.store\/#organization","name":"Moove Store","url":"https:\/\/www.moove.store\/","logo":{"@type":"ImageObject","inLanguage":"fr-FR","@id":"https:\/\/www.moove.store\/#\/schema\/logo\/image\/","url":"https:\/\/www.moove.store\/wp-content\/uploads\/2018\/10\/logo.png","contentUrl":"https:\/\/www.moove.store\/wp-content\/uploads\/2018\/10\/logo.png","width":232,"height":97,"caption":"Moove Store"},"image":{"@id":"https:\/\/www.moove.store\/#\/schema\/logo\/image\/"},"sameAs":["https:\/\/www.facebook.com\/moove2018\/","https:\/\/x.com\/mooveproducts","https:\/\/www.instagram.com\/philoubedard\/"]}]}},"_links":{"self":[{"href":"https:\/\/www.moove.store\/fr\/wp-json\/wp\/v2\/pages\/23072","targetHints":{"allow":["GET"]}}],"collection":[{"href":"https:\/\/www.moove.store\/fr\/wp-json\/wp\/v2\/pages"}],"about":[{"href":"https:\/\/www.moove.store\/fr\/wp-json\/wp\/v2\/types\/page"}],"author":[{"embeddable":true,"href":"https:\/\/www.moove.store\/fr\/wp-json\/wp\/v2\/users\/2"}],"replies":[{"embeddable":true,"href":"https:\/\/www.moove.store\/fr\/wp-json\/wp\/v2\/comments?post=23072"}],"version-history":[{"count":3,"href":"https:\/\/www.moove.store\/fr\/wp-json\/wp\/v2\/pages\/23072\/revisions"}],"predecessor-version":[{"id":23075,"href":"https:\/\/www.moove.store\/fr\/wp-json\/wp\/v2\/pages\/23072\/revisions\/23075"}],"up":[{"embeddable":true,"href":"https:\/\/www.moove.store\/fr\/wp-json\/wp\/v2\/pages\/23046"}],"wp:attachment":[{"href":"https:\/\/www.moove.store\/fr\/wp-json\/wp\/v2\/media?parent=23072"}],"curies":[{"name":"wp","href":"https:\/\/api.w.org\/{rel}","templated":true}]}}