{"id":23056,"date":"2021-01-30T15:19:24","date_gmt":"2021-01-30T20:19:24","guid":{"rendered":"https:\/\/www.moove.store\/nos-produits\/oracing"},"modified":"2021-11-10T08:55:34","modified_gmt":"2021-11-10T13:55:34","slug":"oracing","status":"publish","type":"page","link":"https:\/\/www.moove.store\/fr\/nos-produits\/oracing","title":{"rendered":"ORacing"},"content":{"rendered":"<p>[vc_row row_type=\u00a0\u00bbrow\u00a0\u00bb use_row_as_full_screen_section=\u00a0\u00bbno\u00a0\u00bb type=\u00a0\u00bbfull_width\u00a0\u00bb text_align=\u00a0\u00bbleft\u00a0\u00bb background_animation=\u00a0\u00bbnone\u00a0\u00bb padding_top=\u00a0\u00bb14&Prime; padding_bottom=\u00a0\u00bb100&Prime; css_animation=\u00a0\u00bb\u00a0\u00bb][vc_column]<div class='projects_holder_outer v2 portfolio_with_space portfolio_with_hover_text  qode-filter-position-top'>\n\n<div class='projects_holder clearfix v2 hover_text portfolio_default_image '>\n\n<article class=\"mix portfolio_category_281\">\n    <div class='image_holder standard_hover'>\n        \n<span class='image'><img loading=\"lazy\" decoding=\"async\" width=\"550\" height=\"498\" src=\"https:\/\/www.moove.store\/wp-content\/uploads\/2021\/02\/StreetJET_hybrid_20_web_v2-19-1067x800-1-550x498.jpg\" class=\"attachment-portfolio-default size-portfolio-default wp-post-image\" alt=\"Streetjet Hybrid - hanbike attachable to your wheelchair\" srcset=\"https:\/\/www.moove.store\/wp-content\/uploads\/2021\/02\/StreetJET_hybrid_20_web_v2-19-1067x800-1-550x498.jpg 550w, https:\/\/www.moove.store\/wp-content\/uploads\/2021\/02\/StreetJET_hybrid_20_web_v2-19-1067x800-1-480x434.jpg 480w, https:\/\/www.moove.store\/wp-content\/uploads\/2021\/02\/StreetJET_hybrid_20_web_v2-19-1067x800-1-125x112.jpg 125w\" sizes=\"auto, (max-width: 550px) 100vw, 550px\" \/><\/span>\n                    <a class='portfolio_link_class' href='https:\/\/www.moove.store\/fr\/portfolio_page\/street-jet-hybrid' target='_self'><\/a>\n\t\t\n        <div class=\"portfolio_shader\"><\/div>\n<div class=\"text_holder\">\n\t<h4 class=\"portfolio_title\" style=\"font-size: 24px;\"> ORacing Street Jet Hybrid &#8211; Le meilleur V\u00e9lo \u00e0 Main assist\u00e9 tout-terrain au Canada<\/h4><h6 class=\"portfolio_subtitle\"> <\/h6>\t<span class=\"project_category\">\n        <span> In <\/span>\n\t\tORACING    <\/span>\n<\/div>\n<div class=\"icons_holder\">\n\t<div class=\"icons_holder_inner\">\n\t\t\t\t\t<a class='portfolio_lightbox' title='ORacing' href='https:\/\/www.moove.store\/wp-content\/uploads\/2021\/02\/StreetJET_hybrid_20_web_v2-19-1067x800-1.jpg' data-rel='prettyPhoto[pretty_photo_gallery]'><\/a>\n\t\t\n\t\t\t<\/div>\n<\/div>\n\n    <\/div>\n<\/article>\n<article class=\"mix portfolio_category_281\">\n    <div class='image_holder standard_hover'>\n        \n<span class='image'><img loading=\"lazy\" decoding=\"async\" width=\"550\" height=\"498\" src=\"https:\/\/www.moove.store\/wp-content\/uploads\/2025\/07\/empulse-streetjet-16-inch-wheel-550x498.jpg\" class=\"attachment-portfolio-default size-portfolio-default wp-post-image\" alt=\"Streetjet 16\" srcset=\"https:\/\/www.moove.store\/wp-content\/uploads\/2025\/07\/empulse-streetjet-16-inch-wheel-550x498.jpg 550w, https:\/\/www.moove.store\/wp-content\/uploads\/2025\/07\/empulse-streetjet-16-inch-wheel-480x434.jpg 480w, https:\/\/www.moove.store\/wp-content\/uploads\/2025\/07\/empulse-streetjet-16-inch-wheel-125x112.jpg 125w\" sizes=\"auto, (max-width: 550px) 100vw, 550px\" \/><\/span>\n                    <a class='portfolio_link_class' href='https:\/\/www.moove.store\/fr\/portfolio_page\/street-jet-ultrapower-16' target='_self'><\/a>\n\t\t\n        <div class=\"portfolio_shader\"><\/div>\n<div class=\"text_holder\">\n\t<h4 class=\"portfolio_title\" style=\"font-size: 24px;\"> Street Jet Ultrapower 16&Prime; &#8211; Le plus puissant de la gamme Oracing<\/h4><h6 class=\"portfolio_subtitle\"> <\/h6>\t<span class=\"project_category\">\n        <span> In <\/span>\n\t\tORACING    <\/span>\n<\/div>\n<div class=\"icons_holder\">\n\t<div class=\"icons_holder_inner\">\n\t\t\t\t\t<a class='portfolio_lightbox' title='ORacing' href='https:\/\/www.moove.store\/wp-content\/uploads\/2025\/07\/empulse-streetjet-16-inch-wheel.jpg' data-rel='prettyPhoto[pretty_photo_gallery]'><\/a>\n\t\t\n\t\t\t<\/div>\n<\/div>\n\n    <\/div>\n<\/article>\n<article class=\"mix portfolio_category_281\">\n    <div class='image_holder standard_hover'>\n        \n<span class='image'><img loading=\"lazy\" decoding=\"async\" width=\"550\" height=\"498\" src=\"https:\/\/www.moove.store\/wp-content\/uploads\/2025\/07\/Streetjet-beauty-2-550x498.webp\" class=\"attachment-portfolio-default size-portfolio-default wp-post-image\" alt=\"\" srcset=\"https:\/\/www.moove.store\/wp-content\/uploads\/2025\/07\/Streetjet-beauty-2-550x498.webp 550w, https:\/\/www.moove.store\/wp-content\/uploads\/2025\/07\/Streetjet-beauty-2-480x434.webp 480w, https:\/\/www.moove.store\/wp-content\/uploads\/2025\/07\/Streetjet-beauty-2-125x112.webp 125w\" sizes=\"auto, (max-width: 550px) 100vw, 550px\" \/><\/span>\n                    <a class='portfolio_link_class' href='https:\/\/www.moove.store\/fr\/portfolio_page\/oracing-streetjet-power-12' target='_self'><\/a>\n\t\t\n        <div class=\"portfolio_shader\"><\/div>\n<div class=\"text_holder\">\n\t<h4 class=\"portfolio_title\" style=\"font-size: 24px;\"> Oracing Streetjet Power 12<\/h4><h6 class=\"portfolio_subtitle\"> <\/h6>\t<span class=\"project_category\">\n        <span> In <\/span>\n\t\tORACING    <\/span>\n<\/div>\n<div class=\"icons_holder\">\n\t<div class=\"icons_holder_inner\">\n\t\t\t\t\t<a class='portfolio_lightbox' title='ORacing' href='https:\/\/www.moove.store\/wp-content\/uploads\/2025\/07\/Streetjet-beauty-2.webp' data-rel='prettyPhoto[pretty_photo_gallery]'><\/a>\n\t\t\n\t\t\t<\/div>\n<\/div>\n\n    <\/div>\n<\/article>\n<article class=\"mix portfolio_category_281\">\n    <div class='image_holder standard_hover'>\n        \n<span class='image'><img loading=\"lazy\" decoding=\"async\" width=\"550\" height=\"498\" src=\"https:\/\/www.moove.store\/wp-content\/uploads\/2021\/02\/StreetJET_250W_web_v2-19.jpg-PORTADA-1067x800-1-550x498.jpg\" class=\"attachment-portfolio-default size-portfolio-default wp-post-image\" alt=\"\" srcset=\"https:\/\/www.moove.store\/wp-content\/uploads\/2021\/02\/StreetJET_250W_web_v2-19.jpg-PORTADA-1067x800-1-550x498.jpg 550w, https:\/\/www.moove.store\/wp-content\/uploads\/2021\/02\/StreetJET_250W_web_v2-19.jpg-PORTADA-1067x800-1-480x434.jpg 480w, https:\/\/www.moove.store\/wp-content\/uploads\/2021\/02\/StreetJET_250W_web_v2-19.jpg-PORTADA-1067x800-1-125x112.jpg 125w\" sizes=\"auto, (max-width: 550px) 100vw, 550px\" \/><\/span>\n                    <a class='portfolio_link_class' href='https:\/\/www.moove.store\/fr\/portfolio_page\/streetjet' target='_self'><\/a>\n\t\t\n        <div class=\"portfolio_shader\"><\/div>\n<div class=\"text_holder\">\n\t<h4 class=\"portfolio_title\" style=\"font-size: 24px;\"> ORacing Street Jet 12 &#8211; Le meilleur moteur amovible pour fauteuils roulants au Canada<\/h4><h6 class=\"portfolio_subtitle\"> <\/h6>\t<span class=\"project_category\">\n        <span> In <\/span>\n\t\tORACING    <\/span>\n<\/div>\n<div class=\"icons_holder\">\n\t<div class=\"icons_holder_inner\">\n\t\t\t\t\t<a class='portfolio_lightbox' title='ORacing' href='https:\/\/www.moove.store\/wp-content\/uploads\/2021\/02\/StreetJET_250W_web_v2-19.jpg-PORTADA-1067x800-1.jpg' data-rel='prettyPhoto[pretty_photo_gallery]'><\/a>\n\t\t\n\t\t\t<\/div>\n<\/div>\n\n    <\/div>\n<\/article>\n\t\t\t\t<div class='filler'><\/div>\n\t\t\t\t\t\t\t<div class='filler'><\/div>\n\t\t\t<\/div>\n    <\/div>\n[\/vc_column][\/vc_row]<\/p>\n","protected":false},"excerpt":{"rendered":"<p>[vc_row row_type=\u00a0\u00bbrow\u00a0\u00bb use_row_as_full_screen_section=\u00a0\u00bbno\u00a0\u00bb type=\u00a0\u00bbfull_width\u00a0\u00bb text_align=\u00a0\u00bbleft\u00a0\u00bb background_animation=\u00a0\u00bbnone\u00a0\u00bb padding_top=\u00a0\u00bb14&Prime; padding_bottom=\u00a0\u00bb100&Prime; css_animation=\u00a0\u00bb\u00a0\u00bb][vc_column][\/vc_column][\/vc_row]<\/p>\n","protected":false},"author":2,"featured_media":0,"parent":23046,"menu_order":37,"comment_status":"closed","ping_status":"closed","template":"","meta":{"footnotes":""},"class_list":["post-23056","page","type-page","status-publish","hentry"],"yoast_head":"<!-- This site is optimized with the Yoast SEO plugin v26.1.1 - https:\/\/yoast.com\/wordpress\/plugins\/seo\/ -->\n<title>ORacing - Moove<\/title>\n<meta name=\"robots\" content=\"index, follow, max-snippet:-1, max-image-preview:large, max-video-preview:-1\" \/>\n<link rel=\"canonical\" href=\"https:\/\/www.moove.store\/fr\/nos-produits\/oracing\" \/>\n<meta property=\"og:locale\" content=\"fr_FR\" \/>\n<meta property=\"og:type\" content=\"article\" \/>\n<meta property=\"og:title\" content=\"ORacing - Moove\" \/>\n<meta property=\"og:description\" content=\"[vc_row row_type=\u00a0\u00bbrow\u00a0\u00bb use_row_as_full_screen_section=\u00a0\u00bbno\u00a0\u00bb type=\u00a0\u00bbfull_width\u00a0\u00bb text_align=\u00a0\u00bbleft\u00a0\u00bb background_animation=\u00a0\u00bbnone\u00a0\u00bb padding_top=\u00a0\u00bb14&Prime; padding_bottom=\u00a0\u00bb100&Prime; css_animation=\u00a0\u00bb\u00a0\u00bb][vc_column][\/vc_column][\/vc_row]\" \/>\n<meta property=\"og:url\" content=\"https:\/\/www.moove.store\/fr\/nos-produits\/oracing\" \/>\n<meta property=\"og:site_name\" content=\"Moove\" \/>\n<meta property=\"article:publisher\" content=\"https:\/\/www.facebook.com\/moove2018\/\" \/>\n<meta property=\"article:modified_time\" content=\"2021-11-10T13:55:34+00:00\" \/>\n<meta name=\"twitter:card\" content=\"summary_large_image\" \/>\n<meta name=\"twitter:site\" content=\"@mooveproducts\" \/>\n<script type=\"application\/ld+json\" class=\"yoast-schema-graph\">{\"@context\":\"https:\/\/schema.org\",\"@graph\":[{\"@type\":\"WebPage\",\"@id\":\"https:\/\/www.moove.store\/fr\/nos-produits\/oracing\",\"url\":\"https:\/\/www.moove.store\/fr\/nos-produits\/oracing\",\"name\":\"ORacing - Moove\",\"isPartOf\":{\"@id\":\"https:\/\/www.moove.store\/#website\"},\"datePublished\":\"2021-01-30T20:19:24+00:00\",\"dateModified\":\"2021-11-10T13:55:34+00:00\",\"breadcrumb\":{\"@id\":\"https:\/\/www.moove.store\/fr\/nos-produits\/oracing#breadcrumb\"},\"inLanguage\":\"fr-FR\",\"potentialAction\":[{\"@type\":\"ReadAction\",\"target\":[\"https:\/\/www.moove.store\/fr\/nos-produits\/oracing\"]}]},{\"@type\":\"BreadcrumbList\",\"@id\":\"https:\/\/www.moove.store\/fr\/nos-produits\/oracing#breadcrumb\",\"itemListElement\":[{\"@type\":\"ListItem\",\"position\":1,\"name\":\"Home\",\"item\":\"https:\/\/www.moove.store\/fr\"},{\"@type\":\"ListItem\",\"position\":2,\"name\":\"Nos produits\",\"item\":\"https:\/\/www.moove.store\/fr\/nos-produits\"},{\"@type\":\"ListItem\",\"position\":3,\"name\":\"ORacing\"}]},{\"@type\":\"WebSite\",\"@id\":\"https:\/\/www.moove.store\/#website\",\"url\":\"https:\/\/www.moove.store\/\",\"name\":\"Moove\",\"description\":\"High-end products for wheelchair users.\",\"publisher\":{\"@id\":\"https:\/\/www.moove.store\/#organization\"},\"potentialAction\":[{\"@type\":\"SearchAction\",\"target\":{\"@type\":\"EntryPoint\",\"urlTemplate\":\"https:\/\/www.moove.store\/?s={search_term_string}\"},\"query-input\":{\"@type\":\"PropertyValueSpecification\",\"valueRequired\":true,\"valueName\":\"search_term_string\"}}],\"inLanguage\":\"fr-FR\"},{\"@type\":\"Organization\",\"@id\":\"https:\/\/www.moove.store\/#organization\",\"name\":\"Moove Store\",\"url\":\"https:\/\/www.moove.store\/\",\"logo\":{\"@type\":\"ImageObject\",\"inLanguage\":\"fr-FR\",\"@id\":\"https:\/\/www.moove.store\/#\/schema\/logo\/image\/\",\"url\":\"https:\/\/www.moove.store\/wp-content\/uploads\/2018\/10\/logo.png\",\"contentUrl\":\"https:\/\/www.moove.store\/wp-content\/uploads\/2018\/10\/logo.png\",\"width\":232,\"height\":97,\"caption\":\"Moove Store\"},\"image\":{\"@id\":\"https:\/\/www.moove.store\/#\/schema\/logo\/image\/\"},\"sameAs\":[\"https:\/\/www.facebook.com\/moove2018\/\",\"https:\/\/x.com\/mooveproducts\",\"https:\/\/www.instagram.com\/philoubedard\/\"]}]}<\/script>\n<!-- \/ Yoast SEO plugin. -->","yoast_head_json":{"title":"ORacing - Moove","robots":{"index":"index","follow":"follow","max-snippet":"max-snippet:-1","max-image-preview":"max-image-preview:large","max-video-preview":"max-video-preview:-1"},"canonical":"https:\/\/www.moove.store\/fr\/nos-produits\/oracing","og_locale":"fr_FR","og_type":"article","og_title":"ORacing - Moove","og_description":"[vc_row row_type=\u00a0\u00bbrow\u00a0\u00bb use_row_as_full_screen_section=\u00a0\u00bbno\u00a0\u00bb type=\u00a0\u00bbfull_width\u00a0\u00bb text_align=\u00a0\u00bbleft\u00a0\u00bb background_animation=\u00a0\u00bbnone\u00a0\u00bb padding_top=\u00a0\u00bb14&Prime; padding_bottom=\u00a0\u00bb100&Prime; css_animation=\u00a0\u00bb\u00a0\u00bb][vc_column][\/vc_column][\/vc_row]","og_url":"https:\/\/www.moove.store\/fr\/nos-produits\/oracing","og_site_name":"Moove","article_publisher":"https:\/\/www.facebook.com\/moove2018\/","article_modified_time":"2021-11-10T13:55:34+00:00","twitter_card":"summary_large_image","twitter_site":"@mooveproducts","schema":{"@context":"https:\/\/schema.org","@graph":[{"@type":"WebPage","@id":"https:\/\/www.moove.store\/fr\/nos-produits\/oracing","url":"https:\/\/www.moove.store\/fr\/nos-produits\/oracing","name":"ORacing - Moove","isPartOf":{"@id":"https:\/\/www.moove.store\/#website"},"datePublished":"2021-01-30T20:19:24+00:00","dateModified":"2021-11-10T13:55:34+00:00","breadcrumb":{"@id":"https:\/\/www.moove.store\/fr\/nos-produits\/oracing#breadcrumb"},"inLanguage":"fr-FR","potentialAction":[{"@type":"ReadAction","target":["https:\/\/www.moove.store\/fr\/nos-produits\/oracing"]}]},{"@type":"BreadcrumbList","@id":"https:\/\/www.moove.store\/fr\/nos-produits\/oracing#breadcrumb","itemListElement":[{"@type":"ListItem","position":1,"name":"Home","item":"https:\/\/www.moove.store\/fr"},{"@type":"ListItem","position":2,"name":"Nos produits","item":"https:\/\/www.moove.store\/fr\/nos-produits"},{"@type":"ListItem","position":3,"name":"ORacing"}]},{"@type":"WebSite","@id":"https:\/\/www.moove.store\/#website","url":"https:\/\/www.moove.store\/","name":"Moove","description":"High-end products for wheelchair users.","publisher":{"@id":"https:\/\/www.moove.store\/#organization"},"potentialAction":[{"@type":"SearchAction","target":{"@type":"EntryPoint","urlTemplate":"https:\/\/www.moove.store\/?s={search_term_string}"},"query-input":{"@type":"PropertyValueSpecification","valueRequired":true,"valueName":"search_term_string"}}],"inLanguage":"fr-FR"},{"@type":"Organization","@id":"https:\/\/www.moove.store\/#organization","name":"Moove Store","url":"https:\/\/www.moove.store\/","logo":{"@type":"ImageObject","inLanguage":"fr-FR","@id":"https:\/\/www.moove.store\/#\/schema\/logo\/image\/","url":"https:\/\/www.moove.store\/wp-content\/uploads\/2018\/10\/logo.png","contentUrl":"https:\/\/www.moove.store\/wp-content\/uploads\/2018\/10\/logo.png","width":232,"height":97,"caption":"Moove Store"},"image":{"@id":"https:\/\/www.moove.store\/#\/schema\/logo\/image\/"},"sameAs":["https:\/\/www.facebook.com\/moove2018\/","https:\/\/x.com\/mooveproducts","https:\/\/www.instagram.com\/philoubedard\/"]}]}},"_links":{"self":[{"href":"https:\/\/www.moove.store\/fr\/wp-json\/wp\/v2\/pages\/23056","targetHints":{"allow":["GET"]}}],"collection":[{"href":"https:\/\/www.moove.store\/fr\/wp-json\/wp\/v2\/pages"}],"about":[{"href":"https:\/\/www.moove.store\/fr\/wp-json\/wp\/v2\/types\/page"}],"author":[{"embeddable":true,"href":"https:\/\/www.moove.store\/fr\/wp-json\/wp\/v2\/users\/2"}],"replies":[{"embeddable":true,"href":"https:\/\/www.moove.store\/fr\/wp-json\/wp\/v2\/comments?post=23056"}],"version-history":[{"count":1,"href":"https:\/\/www.moove.store\/fr\/wp-json\/wp\/v2\/pages\/23056\/revisions"}],"predecessor-version":[{"id":23057,"href":"https:\/\/www.moove.store\/fr\/wp-json\/wp\/v2\/pages\/23056\/revisions\/23057"}],"up":[{"embeddable":true,"href":"https:\/\/www.moove.store\/fr\/wp-json\/wp\/v2\/pages\/23046"}],"wp:attachment":[{"href":"https:\/\/www.moove.store\/fr\/wp-json\/wp\/v2\/media?parent=23056"}],"curies":[{"name":"wp","href":"https:\/\/api.w.org\/{rel}","templated":true}]}}