{"id":23023,"date":"2014-06-02T09:22:38","date_gmt":"2014-06-02T09:22:38","guid":{"rendered":"https:\/\/www.moove.store\/about-us"},"modified":"2021-11-09T16:04:40","modified_gmt":"2021-11-09T21:04:40","slug":"a-propos","status":"publish","type":"page","link":"https:\/\/www.moove.store\/fr\/a-propos","title":{"rendered":"\u00c0 propos de Philippe B\u00e9dard"},"content":{"rendered":"<p>[vc_row row_type=\u00a0\u00bbrow\u00a0\u00bb use_row_as_full_screen_section=\u00a0\u00bbno\u00a0\u00bb type=\u00a0\u00bbgrid\u00a0\u00bb text_align=\u00a0\u00bbleft\u00a0\u00bb background_color=\u00a0\u00bb#ffffff\u00a0\u00bb background_animation=\u00a0\u00bbnone\u00a0\u00bb padding_top=\u00a0\u00bb85&Prime; padding_bottom=\u00a0\u00bb50&Prime; css_animation=\u00a0\u00bb\u00a0\u00bb][vc_column width=\u00a0\u00bb2\/3&Prime;][vc_column_text]<\/p>\n<h2>Qui est Philippe B\u00e9dard?<\/h2>\n<p>[\/vc_column_text][vc_separator type=\u00a0\u00bbtransparent\u00a0\u00bb border_style=\u00a0\u00bb\u00a0\u00bb thickness=\u00a0\u00bb1&Prime; up=\u00a0\u00bb20&Prime; down=\u00a0\u00bb0&Prime;][vc_column_text]<strong>Philippe B\u00e9dard joue au tennis en fauteuil roulant depuis 2009. Depuis, il a particip\u00e9 \u00e0 des comp\u00e9titions tels que :<\/strong>[\/vc_column_text][vc_empty_space height=\u00a0\u00bb15px\u00a0\u00bb]<div class=\"q_icon_list\"><span class=\"q_font_elegant_icon arrow_carrot-right normal_icon_list  circle\" aria-hidden=\"true\" style=\"\"><\/span><p class=\"normal_icon_list \" style=\"\">2 jeux paralympiques (Londres 2012, Rio 2016)<\/p><\/div><div class=\"q_icon_list\"><span class=\"q_font_elegant_icon arrow_carrot-right normal_icon_list  circle\" aria-hidden=\"true\" style=\"\"><\/span><p class=\"normal_icon_list \" style=\"\">2 jeux para panam\u00e9ricains (Guadalajara 2011 et Toronto 2015)<\/p><\/div><div class=\"q_icon_list\"><span class=\"q_font_elegant_icon arrow_carrot-right normal_icon_list  circle\" aria-hidden=\"true\" style=\"\"><\/span><p class=\"normal_icon_list \" style=\"\">M\u00e9daill\u00e9e de bronze en double \u00e0 Toronto 2015<\/p><\/div><div class=\"q_icon_list\"><span class=\"q_font_elegant_icon arrow_carrot-right normal_icon_list  circle\" aria-hidden=\"true\" style=\"\"><\/span><p class=\"normal_icon_list \" style=\"\">5 Coupes du monde par \u00e9quipe<\/p><\/div><div class=\"q_icon_list\"><span class=\"q_font_elegant_icon arrow_carrot-right normal_icon_list  circle\" aria-hidden=\"true\" style=\"\"><\/span><p class=\"normal_icon_list \" style=\"\">14 titres nationaux cons\u00e9cutifs et plusieurs victoires en tourn\u00e9e<\/p><\/div>[vc_column_text]<strong>L&rsquo;objectif de Philippe avec Moove est d&rsquo;apporter son expertise en mati\u00e8re d&rsquo;\u00e9quipement de haute performance au march\u00e9 canadien. Il voyage dans le monde entier \u00e0 la recherche des meilleurs produits de l&rsquo;industrie de la mobilit\u00e9.<\/strong><\/p>\n<h4><\/h4>\n<p>[\/vc_column_text][vc_separator type=\u00a0\u00bbtransparent\u00a0\u00bb border_style=\u00a0\u00bb\u00a0\u00bb up=\u00a0\u00bb40&Prime; down=\u00a0\u00bb0&Prime;][\/vc_column][vc_column width=\u00a0\u00bb1\/3&Prime;][vc_single_image image=\u00a0\u00bb22505&Prime; img_size=\u00a0\u00bbfull\u00a0\u00bb qode_css_animation=\u00a0\u00bb\u00a0\u00bb][vc_separator type=\u00a0\u00bbtransparent\u00a0\u00bb border_style=\u00a0\u00bb\u00a0\u00bb up=\u00a0\u00bb40&Prime; down=\u00a0\u00bb0&Prime;][\/vc_column][\/vc_row][vc_row row_type=\u00a0\u00bbrow\u00a0\u00bb use_row_as_full_screen_section=\u00a0\u00bbno\u00a0\u00bb type=\u00a0\u00bbfull_width\u00a0\u00bb text_align=\u00a0\u00bbleft\u00a0\u00bb background_image=\u00a0\u00bb21138&Prime; background_animation=\u00a0\u00bbnone\u00a0\u00bb css_animation=\u00a0\u00bb\u00a0\u00bb][vc_column][vc_row_inner row_type=\u00a0\u00bbrow\u00a0\u00bb type=\u00a0\u00bbgrid\u00a0\u00bb use_row_as_full_screen_section_slide=\u00a0\u00bbno\u00a0\u00bb text_align=\u00a0\u00bbleft\u00a0\u00bb padding_top=\u00a0\u00bb85&Prime; padding_bottom=\u00a0\u00bb55&Prime; css_animation=\u00a0\u00bb\u00a0\u00bb css=\u00a0\u00bb.vc_custom_1542220297402{background-position: center !important;background-repeat: no-repeat !important;background-size: cover !important;}\u00a0\u00bb][vc_column_inner width=\u00a0\u00bb1\/4&Prime;][vc_separator type=\u00a0\u00bbtransparent\u00a0\u00bb border_style=\u00a0\u00bb\u00a0\u00bb up=\u00a0\u00bb5&Prime; down=\u00a0\u00bb0&Prime;]<div class=\"q_counter_holder  center\" style=\"\"><span class=\"counter  random\" style=\"color: #393939;font-weight: 400;\">2<\/span><p class=\"counter_text\" style=\"color: #393939;\">PARALYMPIC GAMES<\/p><\/div>[vc_separator type=\u00a0\u00bbtransparent\u00a0\u00bb border_style=\u00a0\u00bb\u00a0\u00bb up=\u00a0\u00bb30&Prime; down=\u00a0\u00bb0&Prime;][\/vc_column_inner][vc_column_inner width=\u00a0\u00bb1\/4&Prime;][vc_separator type=\u00a0\u00bbtransparent\u00a0\u00bb border_style=\u00a0\u00bb\u00a0\u00bb up=\u00a0\u00bb5&Prime; down=\u00a0\u00bb0&Prime;]<div class=\"q_counter_holder  center\" style=\"\"><span class=\"counter  random\" style=\"color: #393939;font-weight: 400;\">2<\/span><p class=\"counter_text\" style=\"color: #393939;\">PARA PAN-AMERICAN GAMES - BRONZE MEDALIST<\/p><\/div>[vc_separator type=\u00a0\u00bbtransparent\u00a0\u00bb border_style=\u00a0\u00bb\u00a0\u00bb up=\u00a0\u00bb30&Prime; down=\u00a0\u00bb0&Prime;][\/vc_column_inner][vc_column_inner width=\u00a0\u00bb1\/4&Prime;][vc_separator type=\u00a0\u00bbtransparent\u00a0\u00bb border_style=\u00a0\u00bb\u00a0\u00bb up=\u00a0\u00bb5&Prime; down=\u00a0\u00bb0&Prime;]<div class=\"q_counter_holder  center\" style=\"\"><span class=\"counter  random\" style=\"color: #393939;font-weight: 400;\">14<\/span><p class=\"counter_text\" style=\"color: #393939;\">NATIONAL TITLES<\/p><\/div>[vc_separator type=\u00a0\u00bbtransparent\u00a0\u00bb border_style=\u00a0\u00bb\u00a0\u00bb up=\u00a0\u00bb30&Prime; down=\u00a0\u00bb0&Prime;][\/vc_column_inner][vc_column_inner width=\u00a0\u00bb1\/4&Prime;][vc_separator type=\u00a0\u00bbtransparent\u00a0\u00bb border_style=\u00a0\u00bb\u00a0\u00bb up=\u00a0\u00bb5&Prime; down=\u00a0\u00bb0&Prime;]<div class=\"q_counter_holder  center\" style=\"\"><span class=\"counter  random\" style=\"color: #393939;font-weight: 400;\">5<\/span><p class=\"counter_text\" style=\"color: #393939;\">WORLD TEAM CUP<\/p><\/div>[vc_separator type=\u00a0\u00bbtransparent\u00a0\u00bb border_style=\u00a0\u00bb\u00a0\u00bb up=\u00a0\u00bb30&Prime; down=\u00a0\u00bb0&Prime;][\/vc_column_inner][\/vc_row_inner][\/vc_column][\/vc_row][vc_row row_type=\u00a0\u00bbrow\u00a0\u00bb use_row_as_full_screen_section=\u00a0\u00bbno\u00a0\u00bb type=\u00a0\u00bbgrid\u00a0\u00bb text_align=\u00a0\u00bbleft\u00a0\u00bb background_animation=\u00a0\u00bbnone\u00a0\u00bb padding_top=\u00a0\u00bb95&Prime; padding_bottom=\u00a0\u00bb60&Prime; css_animation=\u00a0\u00bb\u00a0\u00bb][vc_column width=\u00a0\u00bb1\/2&Prime;][vc_column_text]<\/p>\n<h2>Mon histoire<\/h2>\n<p>[\/vc_column_text][vc_separator type=\u00a0\u00bbtransparent\u00a0\u00bb border_style=\u00a0\u00bb\u00a0\u00bb up=\u00a0\u00bb20&Prime; down=\u00a0\u00bb0&Prime;][vc_column_text]<span style=\"font-weight: 400;\">Le sport a toujours occup\u00e9 une place importante dans ma vie. Lorsque je suis devenu parapl\u00e9gique \u00e0 l&rsquo;\u00e2ge de 22 ans, j&rsquo;ai r\u00e9alis\u00e9 que mes options en mati\u00e8re d&rsquo;\u00e9quipement adaptatif styl\u00e9 \u00e9taient tr\u00e8s limit\u00e9es. En tant que joueur de tennis en fauteuil roulant de comp\u00e9tition, j&rsquo;ai d\u00fb voyager hors de l&rsquo;Am\u00e9rique du Nord pour trouver le meilleur fauteuil de sport qui me permettrait d&rsquo;\u00eatre comp\u00e9titif et d&rsquo;atteindre les Jeux paralympiques. Mon exp\u00e9rience dans le monde du sport a fait de moi un expert pour trouver les meilleurs \u00e9quipements et solutions du monde entier.<\/span><\/p>\n<p>[\/vc_column_text][vc_separator type=\u00a0\u00bbtransparent\u00a0\u00bb border_style=\u00a0\u00bb\u00a0\u00bb up=\u00a0\u00bb40&Prime; down=\u00a0\u00bb0&Prime;][\/vc_column][vc_column width=\u00a0\u00bb1\/2&Prime;][vc_separator type=\u00a0\u00bbtransparent\u00a0\u00bb border_style=\u00a0\u00bb\u00a0\u00bb up=\u00a0\u00bb4&Prime; down=\u00a0\u00bb0&Prime;]<div class='q_progress_bar'><h6 class='progress_title_holder clearfix' style='color: #393939;'><span class='progress_title'>EXPERTISE<\/span><span class='progress_number with_mark' style='color: #393939;'><span>0<\/span><\/span><\/h6><div class='progress_content_outer' style='background-color: #ffffff;'><div data-percentage='99' class='progress_content' style='background-color: #a7a6a6;'><\/div><\/div><\/div>[vc_separator type=\u00a0\u00bbtransparent\u00a0\u00bb border_style=\u00a0\u00bb\u00a0\u00bb thickness=\u00a0\u00bb1&Prime; up=\u00a0\u00bb30&Prime; down=\u00a0\u00bb0&Prime;]<div class='q_progress_bar'><h6 class='progress_title_holder clearfix' style='color: #393939;'><span class='progress_title'>AVIS PROFESSIONNEL<\/span><span class='progress_number with_mark' style='color: #393939;'><span>0<\/span><\/span><\/h6><div class='progress_content_outer' style='background-color: #ffffff;'><div data-percentage='99' class='progress_content' style='background-color: #a7a6a6;'><\/div><\/div><\/div>[vc_separator type=\u00a0\u00bbtransparent\u00a0\u00bb border_style=\u00a0\u00bb\u00a0\u00bb thickness=\u00a0\u00bb1&Prime; up=\u00a0\u00bb30&Prime; down=\u00a0\u00bb0&Prime;]<div class='q_progress_bar'><h6 class='progress_title_holder clearfix' style='color: #393939;'><span class='progress_title'>D\u00c9DI\u00c9<\/span><span class='progress_number with_mark' style='color: #393939;'><span>0<\/span><\/span><\/h6><div class='progress_content_outer' style='background-color: #ffffff;'><div data-percentage='100' class='progress_content' style='background-color: #a7a6a6;'><\/div><\/div><\/div>[\/vc_column][\/vc_row][vc_row row_type=\u00a0\u00bbrow\u00a0\u00bb use_row_as_full_screen_section=\u00a0\u00bbno\u00a0\u00bb type=\u00a0\u00bbfull_width\u00a0\u00bb text_align=\u00a0\u00bbleft\u00a0\u00bb background_image=\u00a0\u00bb21599&Prime; background_animation=\u00a0\u00bbnone\u00a0\u00bb css_animation=\u00a0\u00bb\u00a0\u00bb][vc_column][vc_row_inner row_type=\u00a0\u00bbrow\u00a0\u00bb type=\u00a0\u00bbgrid\u00a0\u00bb use_row_as_full_screen_section_slide=\u00a0\u00bbno\u00a0\u00bb text_align=\u00a0\u00bbleft\u00a0\u00bb padding_top=\u00a0\u00bb50&Prime; padding_bottom=\u00a0\u00bb50&Prime; css_animation=\u00a0\u00bb\u00a0\u00bb][vc_column_inner]<span class=\"q_font_elegant_holder q_icon_shortcode normal  \" style=\"font-size: 50px;color: #a7a6a6; \"><a href=\"#\" target=\"_self\"><span class=\"q_font_elegant_icon icon_quotations\" aria-hidden=\"true\" style=\"font-size: 50px;\"><\/span><\/a><\/span>[vc_separator type=\u00a0\u00bbtransparent\u00a0\u00bb border_style=\u00a0\u00bb\u00a0\u00bb up=\u00a0\u00bb55&Prime; down=\u00a0\u00bb0&Prime;]<div class='testimonials_holder clearfix  '><div class=\"testimonials testimonials_carousel\" data-show-navigation=\"no\" data-animation-type=\"fade\" data-animation-speed=\"\" data-auto-rotate-slides=\"3\"><ul class=\"slides\">Sorry, no posts matched your criteria.<\/ul><\/div><\/div>[\/vc_column_inner][\/vc_row_inner][\/vc_column][\/vc_row]<\/p>\n","protected":false},"excerpt":{"rendered":"<p>[vc_row row_type=\u00a0\u00bbrow\u00a0\u00bb use_row_as_full_screen_section=\u00a0\u00bbno\u00a0\u00bb type=\u00a0\u00bbgrid\u00a0\u00bb text_align=\u00a0\u00bbleft\u00a0\u00bb background_color=\u00a0\u00bb#ffffff\u00a0\u00bb background_animation=\u00a0\u00bbnone\u00a0\u00bb padding_top=\u00a0\u00bb85&Prime; padding_bottom=\u00a0\u00bb50&Prime; css_animation=\u00a0\u00bb\u00a0\u00bb][vc_column width=\u00a0\u00bb2\/3&Prime;][vc_column_text] Qui est Philippe B\u00e9dard? [\/vc_column_text][vc_separator type=\u00a0\u00bbtransparent\u00a0\u00bb border_style=\u00a0\u00bb\u00a0\u00bb thickness=\u00a0\u00bb1&Prime; up=\u00a0\u00bb20&Prime; down=\u00a0\u00bb0&Prime;][vc_column_text]Philippe B\u00e9dard joue au tennis en fauteuil roulant depuis 2009. Depuis, il a particip\u00e9 \u00e0 des comp\u00e9titions tels que :[\/vc_column_text][vc_empty_space height=\u00a0\u00bb15px\u00a0\u00bb][vc_column_text]L&rsquo;objectif de Philippe avec Moove&#8230;<\/p>\n","protected":false},"author":1,"featured_media":0,"parent":0,"menu_order":10,"comment_status":"closed","ping_status":"closed","template":"full_width.php","meta":{"footnotes":""},"class_list":["post-23023","page","type-page","status-publish","hentry"],"yoast_head":"<!-- This site is optimized with the Yoast SEO plugin v26.1.1 - https:\/\/yoast.com\/wordpress\/plugins\/seo\/ -->\n<title>\u00c0 propos de Philippe B\u00e9dard | Moove<\/title>\n<meta name=\"description\" content=\"Philippe B\u00e9dard joue au tennis en fauteuil roulant depuis 2009. Participant aux jeux paralympiques et m\u00e9daill\u00e9s, il promouvoit une vie active pour les gens en fauteuil roulant\" \/>\n<meta name=\"robots\" content=\"index, follow, max-snippet:-1, max-image-preview:large, max-video-preview:-1\" \/>\n<link rel=\"canonical\" href=\"https:\/\/www.moove.store\/fr\/a-propos\" \/>\n<meta property=\"og:locale\" content=\"fr_FR\" \/>\n<meta property=\"og:type\" content=\"article\" \/>\n<meta property=\"og:title\" content=\"\u00c0 propos de Philippe B\u00e9dard | Moove\" \/>\n<meta property=\"og:description\" content=\"Philippe B\u00e9dard joue au tennis en fauteuil roulant depuis 2009. Participant aux jeux paralympiques et m\u00e9daill\u00e9s, il promouvoit une vie active pour les gens en fauteuil roulant\" \/>\n<meta property=\"og:url\" content=\"https:\/\/www.moove.store\/fr\/a-propos\" \/>\n<meta property=\"og:site_name\" content=\"Moove\" \/>\n<meta property=\"article:publisher\" content=\"https:\/\/www.facebook.com\/moove2018\/\" \/>\n<meta property=\"article:modified_time\" content=\"2021-11-09T21:04:40+00:00\" \/>\n<meta name=\"twitter:card\" content=\"summary_large_image\" \/>\n<meta name=\"twitter:site\" content=\"@mooveproducts\" \/>\n<meta name=\"twitter:label1\" content=\"Dur\u00e9e de lecture estim\u00e9e\" \/>\n\t<meta name=\"twitter:data1\" content=\"2 minutes\" \/>\n<script type=\"application\/ld+json\" class=\"yoast-schema-graph\">{\"@context\":\"https:\/\/schema.org\",\"@graph\":[{\"@type\":\"WebPage\",\"@id\":\"https:\/\/www.moove.store\/fr\/a-propos\",\"url\":\"https:\/\/www.moove.store\/fr\/a-propos\",\"name\":\"\u00c0 propos de Philippe B\u00e9dard | Moove\",\"isPartOf\":{\"@id\":\"https:\/\/www.moove.store\/#website\"},\"datePublished\":\"2014-06-02T09:22:38+00:00\",\"dateModified\":\"2021-11-09T21:04:40+00:00\",\"description\":\"Philippe B\u00e9dard joue au tennis en fauteuil roulant depuis 2009. Participant aux jeux paralympiques et m\u00e9daill\u00e9s, il promouvoit une vie active pour les gens en fauteuil roulant\",\"breadcrumb\":{\"@id\":\"https:\/\/www.moove.store\/fr\/a-propos#breadcrumb\"},\"inLanguage\":\"fr-FR\",\"potentialAction\":[{\"@type\":\"ReadAction\",\"target\":[\"https:\/\/www.moove.store\/fr\/a-propos\"]}]},{\"@type\":\"BreadcrumbList\",\"@id\":\"https:\/\/www.moove.store\/fr\/a-propos#breadcrumb\",\"itemListElement\":[{\"@type\":\"ListItem\",\"position\":1,\"name\":\"Home\",\"item\":\"https:\/\/www.moove.store\/fr\"},{\"@type\":\"ListItem\",\"position\":2,\"name\":\"\u00c0 propos de Philippe B\u00e9dard\"}]},{\"@type\":\"WebSite\",\"@id\":\"https:\/\/www.moove.store\/#website\",\"url\":\"https:\/\/www.moove.store\/\",\"name\":\"Moove\",\"description\":\"High-end products for wheelchair users.\",\"publisher\":{\"@id\":\"https:\/\/www.moove.store\/#organization\"},\"potentialAction\":[{\"@type\":\"SearchAction\",\"target\":{\"@type\":\"EntryPoint\",\"urlTemplate\":\"https:\/\/www.moove.store\/?s={search_term_string}\"},\"query-input\":{\"@type\":\"PropertyValueSpecification\",\"valueRequired\":true,\"valueName\":\"search_term_string\"}}],\"inLanguage\":\"fr-FR\"},{\"@type\":\"Organization\",\"@id\":\"https:\/\/www.moove.store\/#organization\",\"name\":\"Moove Store\",\"url\":\"https:\/\/www.moove.store\/\",\"logo\":{\"@type\":\"ImageObject\",\"inLanguage\":\"fr-FR\",\"@id\":\"https:\/\/www.moove.store\/#\/schema\/logo\/image\/\",\"url\":\"https:\/\/www.moove.store\/wp-content\/uploads\/2018\/10\/logo.png\",\"contentUrl\":\"https:\/\/www.moove.store\/wp-content\/uploads\/2018\/10\/logo.png\",\"width\":232,\"height\":97,\"caption\":\"Moove Store\"},\"image\":{\"@id\":\"https:\/\/www.moove.store\/#\/schema\/logo\/image\/\"},\"sameAs\":[\"https:\/\/www.facebook.com\/moove2018\/\",\"https:\/\/x.com\/mooveproducts\",\"https:\/\/www.instagram.com\/philoubedard\/\"]}]}<\/script>\n<!-- \/ Yoast SEO plugin. -->","yoast_head_json":{"title":"\u00c0 propos de Philippe B\u00e9dard | Moove","description":"Philippe B\u00e9dard joue au tennis en fauteuil roulant depuis 2009. Participant aux jeux paralympiques et m\u00e9daill\u00e9s, il promouvoit une vie active pour les gens en fauteuil roulant","robots":{"index":"index","follow":"follow","max-snippet":"max-snippet:-1","max-image-preview":"max-image-preview:large","max-video-preview":"max-video-preview:-1"},"canonical":"https:\/\/www.moove.store\/fr\/a-propos","og_locale":"fr_FR","og_type":"article","og_title":"\u00c0 propos de Philippe B\u00e9dard | Moove","og_description":"Philippe B\u00e9dard joue au tennis en fauteuil roulant depuis 2009. Participant aux jeux paralympiques et m\u00e9daill\u00e9s, il promouvoit une vie active pour les gens en fauteuil roulant","og_url":"https:\/\/www.moove.store\/fr\/a-propos","og_site_name":"Moove","article_publisher":"https:\/\/www.facebook.com\/moove2018\/","article_modified_time":"2021-11-09T21:04:40+00:00","twitter_card":"summary_large_image","twitter_site":"@mooveproducts","twitter_misc":{"Dur\u00e9e de lecture estim\u00e9e":"2 minutes"},"schema":{"@context":"https:\/\/schema.org","@graph":[{"@type":"WebPage","@id":"https:\/\/www.moove.store\/fr\/a-propos","url":"https:\/\/www.moove.store\/fr\/a-propos","name":"\u00c0 propos de Philippe B\u00e9dard | Moove","isPartOf":{"@id":"https:\/\/www.moove.store\/#website"},"datePublished":"2014-06-02T09:22:38+00:00","dateModified":"2021-11-09T21:04:40+00:00","description":"Philippe B\u00e9dard joue au tennis en fauteuil roulant depuis 2009. Participant aux jeux paralympiques et m\u00e9daill\u00e9s, il promouvoit une vie active pour les gens en fauteuil roulant","breadcrumb":{"@id":"https:\/\/www.moove.store\/fr\/a-propos#breadcrumb"},"inLanguage":"fr-FR","potentialAction":[{"@type":"ReadAction","target":["https:\/\/www.moove.store\/fr\/a-propos"]}]},{"@type":"BreadcrumbList","@id":"https:\/\/www.moove.store\/fr\/a-propos#breadcrumb","itemListElement":[{"@type":"ListItem","position":1,"name":"Home","item":"https:\/\/www.moove.store\/fr"},{"@type":"ListItem","position":2,"name":"\u00c0 propos de Philippe B\u00e9dard"}]},{"@type":"WebSite","@id":"https:\/\/www.moove.store\/#website","url":"https:\/\/www.moove.store\/","name":"Moove","description":"High-end products for wheelchair users.","publisher":{"@id":"https:\/\/www.moove.store\/#organization"},"potentialAction":[{"@type":"SearchAction","target":{"@type":"EntryPoint","urlTemplate":"https:\/\/www.moove.store\/?s={search_term_string}"},"query-input":{"@type":"PropertyValueSpecification","valueRequired":true,"valueName":"search_term_string"}}],"inLanguage":"fr-FR"},{"@type":"Organization","@id":"https:\/\/www.moove.store\/#organization","name":"Moove Store","url":"https:\/\/www.moove.store\/","logo":{"@type":"ImageObject","inLanguage":"fr-FR","@id":"https:\/\/www.moove.store\/#\/schema\/logo\/image\/","url":"https:\/\/www.moove.store\/wp-content\/uploads\/2018\/10\/logo.png","contentUrl":"https:\/\/www.moove.store\/wp-content\/uploads\/2018\/10\/logo.png","width":232,"height":97,"caption":"Moove Store"},"image":{"@id":"https:\/\/www.moove.store\/#\/schema\/logo\/image\/"},"sameAs":["https:\/\/www.facebook.com\/moove2018\/","https:\/\/x.com\/mooveproducts","https:\/\/www.instagram.com\/philoubedard\/"]}]}},"_links":{"self":[{"href":"https:\/\/www.moove.store\/fr\/wp-json\/wp\/v2\/pages\/23023","targetHints":{"allow":["GET"]}}],"collection":[{"href":"https:\/\/www.moove.store\/fr\/wp-json\/wp\/v2\/pages"}],"about":[{"href":"https:\/\/www.moove.store\/fr\/wp-json\/wp\/v2\/types\/page"}],"author":[{"embeddable":true,"href":"https:\/\/www.moove.store\/fr\/wp-json\/wp\/v2\/users\/1"}],"replies":[{"embeddable":true,"href":"https:\/\/www.moove.store\/fr\/wp-json\/wp\/v2\/comments?post=23023"}],"version-history":[{"count":3,"href":"https:\/\/www.moove.store\/fr\/wp-json\/wp\/v2\/pages\/23023\/revisions"}],"predecessor-version":[{"id":23026,"href":"https:\/\/www.moove.store\/fr\/wp-json\/wp\/v2\/pages\/23023\/revisions\/23026"}],"wp:attachment":[{"href":"https:\/\/www.moove.store\/fr\/wp-json\/wp\/v2\/media?parent=23023"}],"curies":[{"name":"wp","href":"https:\/\/api.w.org\/{rel}","templated":true}]}}