{"id":22717,"date":"2021-05-19T15:56:32","date_gmt":"2021-05-19T19:56:32","guid":{"rendered":"https:\/\/www.moove.store\/merci-de-linteret-que-vous-portez-a-nos-produits-et-services"},"modified":"2021-05-19T16:07:15","modified_gmt":"2021-05-19T20:07:15","slug":"merci-de-linteret-que-vous-portez-a-nos-produits-et-services","status":"publish","type":"page","link":"https:\/\/www.moove.store\/fr\/merci-de-linteret-que-vous-portez-a-nos-produits-et-services","title":{"rendered":"Merci de l&rsquo;int\u00e9r\u00eat que vous portez \u00e0 nos produits et services"},"content":{"rendered":"<p>[vc_row row_type=\u00a0\u00bbrow\u00a0\u00bb use_row_as_full_screen_section=\u00a0\u00bbno\u00a0\u00bb type=\u00a0\u00bbgrid\u00a0\u00bb text_align=\u00a0\u00bbleft\u00a0\u00bb background_animation=\u00a0\u00bbnone\u00a0\u00bb padding_bottom=\u00a0\u00bb50&Prime; css_animation=\u00a0\u00bb\u00a0\u00bb full_screen_row_position=\u00a0\u00bbmiddle\u00a0\u00bb column_margin=\u00a0\u00bb90px\u00a0\u00bb equal_height=\u00a0\u00bbyes\u00a0\u00bb column_direction=\u00a0\u00bbdefault\u00a0\u00bb column_direction_tablet=\u00a0\u00bbdefault\u00a0\u00bb column_direction_phone=\u00a0\u00bbdefault\u00a0\u00bb scene_position=\u00a0\u00bbcenter\u00a0\u00bb text_color=\u00a0\u00bbdark\u00a0\u00bb row_border_radius=\u00a0\u00bbnone\u00a0\u00bb row_border_radius_applies=\u00a0\u00bbbg\u00a0\u00bb overlay_strength=\u00a0\u00bb0.3&Prime; gradient_direction=\u00a0\u00bbleft_to_right\u00a0\u00bb shape_divider_position=\u00a0\u00bbbottom\u00a0\u00bb bg_image_animation=\u00a0\u00bbnone\u00a0\u00bb shape_type=\u00a0\u00bb\u00a0\u00bb][vc_column width=\u00a0\u00bb2\/3&Prime; column_padding=\u00a0\u00bbno-extra-padding\u00a0\u00bb column_padding_tablet=\u00a0\u00bbinherit\u00a0\u00bb column_padding_phone=\u00a0\u00bbinherit\u00a0\u00bb column_padding_position=\u00a0\u00bball\u00a0\u00bb background_color_opacity=\u00a0\u00bb1&Prime; background_hover_color_opacity=\u00a0\u00bb1&Prime; column_shadow=\u00a0\u00bbnone\u00a0\u00bb column_border_radius=\u00a0\u00bbnone\u00a0\u00bb column_link_target=\u00a0\u00bb_self\u00a0\u00bb gradient_direction=\u00a0\u00bbleft_to_right\u00a0\u00bb overlay_strength=\u00a0\u00bb0.3&Prime; tablet_width_inherit=\u00a0\u00bbdefault\u00a0\u00bb tablet_text_alignment=\u00a0\u00bbdefault\u00a0\u00bb phone_text_alignment=\u00a0\u00bbdefault\u00a0\u00bb column_border_width=\u00a0\u00bbnone\u00a0\u00bb column_border_style=\u00a0\u00bbsolid\u00a0\u00bb bg_image_animation=\u00a0\u00bbnone\u00a0\u00bb][vc_column_text]<span style=\"font-size: 24pt;\">Merci de l&rsquo;int\u00e9r\u00eat que vous portez \u00e0 nos produits et services<\/span>[\/vc_column_text][vc_empty_space][vc_column_text]<\/p>\n<h3>Un membre de notre \u00e9quipe se fera un plaisir de communiquer avec vous dans les plus brefs d\u00e9lais.<\/h3>\n<p>[\/vc_column_text][vc_empty_space][vc_column_text]<\/p>\n<h3>Si vous souhaitez une r\u00e9ponse plus rapide, veuillez nous contacter directement au <a href=\"tel:4505212600\"> 450 521-2600<\/a>.<\/h3>\n<p>[\/vc_column_text][\/vc_column][vc_column width=\u00a0\u00bb1\/3&Prime; column_padding=\u00a0\u00bbno-extra-padding\u00a0\u00bb column_padding_tablet=\u00a0\u00bbinherit\u00a0\u00bb column_padding_phone=\u00a0\u00bbinherit\u00a0\u00bb column_padding_position=\u00a0\u00bball\u00a0\u00bb background_color_opacity=\u00a0\u00bb1&Prime; background_hover_color_opacity=\u00a0\u00bb1&Prime; column_shadow=\u00a0\u00bbnone\u00a0\u00bb column_border_radius=\u00a0\u00bbnone\u00a0\u00bb column_link_target=\u00a0\u00bb_self\u00a0\u00bb gradient_direction=\u00a0\u00bbleft_to_right\u00a0\u00bb overlay_strength=\u00a0\u00bb0.3&Prime; tablet_width_inherit=\u00a0\u00bbdefault\u00a0\u00bb tablet_text_alignment=\u00a0\u00bbdefault\u00a0\u00bb phone_text_alignment=\u00a0\u00bbdefault\u00a0\u00bb column_border_width=\u00a0\u00bbnone\u00a0\u00bb column_border_style=\u00a0\u00bbsolid\u00a0\u00bb bg_image_animation=\u00a0\u00bbnone\u00a0\u00bb][vc_single_image image=\u00a0\u00bb22649&Prime; img_size=\u00a0\u00bbfull\u00a0\u00bb alignment=\u00a0\u00bbright\u00a0\u00bb qode_css_animation=\u00a0\u00bb\u00a0\u00bb][vc_column_text]<\/p>\n<p style=\"text-align: center;\"><strong>Philippe Bedard<\/strong><\/p>\n<p>[\/vc_column_text][\/vc_column][\/vc_row]<\/p>\n","protected":false},"excerpt":{"rendered":"<p>[vc_row row_type=\u00a0\u00bbrow\u00a0\u00bb use_row_as_full_screen_section=\u00a0\u00bbno\u00a0\u00bb type=\u00a0\u00bbgrid\u00a0\u00bb text_align=\u00a0\u00bbleft\u00a0\u00bb background_animation=\u00a0\u00bbnone\u00a0\u00bb padding_bottom=\u00a0\u00bb50&Prime; css_animation=\u00a0\u00bb\u00a0\u00bb full_screen_row_position=\u00a0\u00bbmiddle\u00a0\u00bb column_margin=\u00a0\u00bb90px\u00a0\u00bb equal_height=\u00a0\u00bbyes\u00a0\u00bb column_direction=\u00a0\u00bbdefault\u00a0\u00bb column_direction_tablet=\u00a0\u00bbdefault\u00a0\u00bb column_direction_phone=\u00a0\u00bbdefault\u00a0\u00bb scene_position=\u00a0\u00bbcenter\u00a0\u00bb text_color=\u00a0\u00bbdark\u00a0\u00bb row_border_radius=\u00a0\u00bbnone\u00a0\u00bb row_border_radius_applies=\u00a0\u00bbbg\u00a0\u00bb overlay_strength=\u00a0\u00bb0.3&Prime; gradient_direction=\u00a0\u00bbleft_to_right\u00a0\u00bb shape_divider_position=\u00a0\u00bbbottom\u00a0\u00bb bg_image_animation=\u00a0\u00bbnone\u00a0\u00bb shape_type=\u00a0\u00bb\u00a0\u00bb][vc_column width=\u00a0\u00bb2\/3&Prime; column_padding=\u00a0\u00bbno-extra-padding\u00a0\u00bb column_padding_tablet=\u00a0\u00bbinherit\u00a0\u00bb column_padding_phone=\u00a0\u00bbinherit\u00a0\u00bb column_padding_position=\u00a0\u00bball\u00a0\u00bb background_color_opacity=\u00a0\u00bb1&Prime; background_hover_color_opacity=\u00a0\u00bb1&Prime; column_shadow=\u00a0\u00bbnone\u00a0\u00bb column_border_radius=\u00a0\u00bbnone\u00a0\u00bb column_link_target=\u00a0\u00bb_self\u00a0\u00bb gradient_direction=\u00a0\u00bbleft_to_right\u00a0\u00bb overlay_strength=\u00a0\u00bb0.3&Prime; tablet_width_inherit=\u00a0\u00bbdefault\u00a0\u00bb tablet_text_alignment=\u00a0\u00bbdefault\u00a0\u00bb phone_text_alignment=\u00a0\u00bbdefault\u00a0\u00bb column_border_width=\u00a0\u00bbnone\u00a0\u00bb column_border_style=\u00a0\u00bbsolid\u00a0\u00bb bg_image_animation=\u00a0\u00bbnone\u00a0\u00bb][vc_column_text]Merci de l&rsquo;int\u00e9r\u00eat que vous&#8230;<\/p>\n","protected":false},"author":1,"featured_media":0,"parent":0,"menu_order":4,"comment_status":"closed","ping_status":"closed","template":"","meta":{"footnotes":""},"class_list":["post-22717","page","type-page","status-publish","hentry"],"yoast_head":"<!-- This site is optimized with the Yoast SEO plugin v26.1.1 - https:\/\/yoast.com\/wordpress\/plugins\/seo\/ -->\n<title>Merci de l&#039;int\u00e9r\u00eat que vous portez \u00e0 nos produits et services - Moove<\/title>\n<meta name=\"robots\" content=\"index, follow, max-snippet:-1, max-image-preview:large, max-video-preview:-1\" \/>\n<link rel=\"canonical\" href=\"https:\/\/www.moove.store\/fr\/merci-de-linteret-que-vous-portez-a-nos-produits-et-services\" \/>\n<meta property=\"og:locale\" content=\"fr_FR\" \/>\n<meta property=\"og:type\" content=\"article\" \/>\n<meta property=\"og:title\" content=\"Merci de l&#039;int\u00e9r\u00eat que vous portez \u00e0 nos produits et services - Moove\" \/>\n<meta property=\"og:description\" content=\"[vc_row row_type=\u00a0\u00bbrow\u00a0\u00bb use_row_as_full_screen_section=\u00a0\u00bbno\u00a0\u00bb type=\u00a0\u00bbgrid\u00a0\u00bb text_align=\u00a0\u00bbleft\u00a0\u00bb background_animation=\u00a0\u00bbnone\u00a0\u00bb padding_bottom=\u00a0\u00bb50&Prime; css_animation=\u00a0\u00bb\u00a0\u00bb full_screen_row_position=\u00a0\u00bbmiddle\u00a0\u00bb column_margin=\u00a0\u00bb90px\u00a0\u00bb equal_height=\u00a0\u00bbyes\u00a0\u00bb column_direction=\u00a0\u00bbdefault\u00a0\u00bb column_direction_tablet=\u00a0\u00bbdefault\u00a0\u00bb column_direction_phone=\u00a0\u00bbdefault\u00a0\u00bb scene_position=\u00a0\u00bbcenter\u00a0\u00bb text_color=\u00a0\u00bbdark\u00a0\u00bb row_border_radius=\u00a0\u00bbnone\u00a0\u00bb row_border_radius_applies=\u00a0\u00bbbg\u00a0\u00bb overlay_strength=\u00a0\u00bb0.3&Prime; gradient_direction=\u00a0\u00bbleft_to_right\u00a0\u00bb shape_divider_position=\u00a0\u00bbbottom\u00a0\u00bb bg_image_animation=\u00a0\u00bbnone\u00a0\u00bb shape_type=\u00a0\u00bb\u00a0\u00bb][vc_column width=\u00a0\u00bb2\/3&Prime; column_padding=\u00a0\u00bbno-extra-padding\u00a0\u00bb column_padding_tablet=\u00a0\u00bbinherit\u00a0\u00bb column_padding_phone=\u00a0\u00bbinherit\u00a0\u00bb column_padding_position=\u00a0\u00bball\u00a0\u00bb background_color_opacity=\u00a0\u00bb1&Prime; background_hover_color_opacity=\u00a0\u00bb1&Prime; column_shadow=\u00a0\u00bbnone\u00a0\u00bb column_border_radius=\u00a0\u00bbnone\u00a0\u00bb column_link_target=\u00a0\u00bb_self\u00a0\u00bb gradient_direction=\u00a0\u00bbleft_to_right\u00a0\u00bb overlay_strength=\u00a0\u00bb0.3&Prime; tablet_width_inherit=\u00a0\u00bbdefault\u00a0\u00bb tablet_text_alignment=\u00a0\u00bbdefault\u00a0\u00bb phone_text_alignment=\u00a0\u00bbdefault\u00a0\u00bb column_border_width=\u00a0\u00bbnone\u00a0\u00bb column_border_style=\u00a0\u00bbsolid\u00a0\u00bb bg_image_animation=\u00a0\u00bbnone\u00a0\u00bb][vc_column_text]Merci de l&rsquo;int\u00e9r\u00eat que vous...\" \/>\n<meta property=\"og:url\" content=\"https:\/\/www.moove.store\/fr\/merci-de-linteret-que-vous-portez-a-nos-produits-et-services\" \/>\n<meta property=\"og:site_name\" content=\"Moove\" \/>\n<meta property=\"article:publisher\" content=\"https:\/\/www.facebook.com\/moove2018\/\" \/>\n<meta property=\"article:modified_time\" content=\"2021-05-19T20:07:15+00:00\" \/>\n<meta name=\"twitter:card\" content=\"summary_large_image\" \/>\n<meta name=\"twitter:site\" content=\"@mooveproducts\" \/>\n<meta name=\"twitter:label1\" content=\"Dur\u00e9e de lecture estim\u00e9e\" \/>\n\t<meta name=\"twitter:data1\" content=\"2 minutes\" \/>\n<script type=\"application\/ld+json\" class=\"yoast-schema-graph\">{\"@context\":\"https:\/\/schema.org\",\"@graph\":[{\"@type\":\"WebPage\",\"@id\":\"https:\/\/www.moove.store\/fr\/merci-de-linteret-que-vous-portez-a-nos-produits-et-services\",\"url\":\"https:\/\/www.moove.store\/fr\/merci-de-linteret-que-vous-portez-a-nos-produits-et-services\",\"name\":\"Merci de l'int\u00e9r\u00eat que vous portez \u00e0 nos produits et services - Moove\",\"isPartOf\":{\"@id\":\"https:\/\/www.moove.store\/#website\"},\"datePublished\":\"2021-05-19T19:56:32+00:00\",\"dateModified\":\"2021-05-19T20:07:15+00:00\",\"breadcrumb\":{\"@id\":\"https:\/\/www.moove.store\/fr\/merci-de-linteret-que-vous-portez-a-nos-produits-et-services#breadcrumb\"},\"inLanguage\":\"fr-FR\",\"potentialAction\":[{\"@type\":\"ReadAction\",\"target\":[\"https:\/\/www.moove.store\/fr\/merci-de-linteret-que-vous-portez-a-nos-produits-et-services\"]}]},{\"@type\":\"BreadcrumbList\",\"@id\":\"https:\/\/www.moove.store\/fr\/merci-de-linteret-que-vous-portez-a-nos-produits-et-services#breadcrumb\",\"itemListElement\":[{\"@type\":\"ListItem\",\"position\":1,\"name\":\"Home\",\"item\":\"https:\/\/www.moove.store\/fr\"},{\"@type\":\"ListItem\",\"position\":2,\"name\":\"Merci de l&rsquo;int\u00e9r\u00eat que vous portez \u00e0 nos produits et services\"}]},{\"@type\":\"WebSite\",\"@id\":\"https:\/\/www.moove.store\/#website\",\"url\":\"https:\/\/www.moove.store\/\",\"name\":\"Moove\",\"description\":\"High-end products for wheelchair users.\",\"publisher\":{\"@id\":\"https:\/\/www.moove.store\/#organization\"},\"potentialAction\":[{\"@type\":\"SearchAction\",\"target\":{\"@type\":\"EntryPoint\",\"urlTemplate\":\"https:\/\/www.moove.store\/?s={search_term_string}\"},\"query-input\":{\"@type\":\"PropertyValueSpecification\",\"valueRequired\":true,\"valueName\":\"search_term_string\"}}],\"inLanguage\":\"fr-FR\"},{\"@type\":\"Organization\",\"@id\":\"https:\/\/www.moove.store\/#organization\",\"name\":\"Moove Store\",\"url\":\"https:\/\/www.moove.store\/\",\"logo\":{\"@type\":\"ImageObject\",\"inLanguage\":\"fr-FR\",\"@id\":\"https:\/\/www.moove.store\/#\/schema\/logo\/image\/\",\"url\":\"https:\/\/www.moove.store\/wp-content\/uploads\/2018\/10\/logo.png\",\"contentUrl\":\"https:\/\/www.moove.store\/wp-content\/uploads\/2018\/10\/logo.png\",\"width\":232,\"height\":97,\"caption\":\"Moove Store\"},\"image\":{\"@id\":\"https:\/\/www.moove.store\/#\/schema\/logo\/image\/\"},\"sameAs\":[\"https:\/\/www.facebook.com\/moove2018\/\",\"https:\/\/x.com\/mooveproducts\",\"https:\/\/www.instagram.com\/philoubedard\/\"]}]}<\/script>\n<!-- \/ Yoast SEO plugin. -->","yoast_head_json":{"title":"Merci de l'int\u00e9r\u00eat que vous portez \u00e0 nos produits et services - Moove","robots":{"index":"index","follow":"follow","max-snippet":"max-snippet:-1","max-image-preview":"max-image-preview:large","max-video-preview":"max-video-preview:-1"},"canonical":"https:\/\/www.moove.store\/fr\/merci-de-linteret-que-vous-portez-a-nos-produits-et-services","og_locale":"fr_FR","og_type":"article","og_title":"Merci de l'int\u00e9r\u00eat que vous portez \u00e0 nos produits et services - Moove","og_description":"[vc_row row_type=\u00a0\u00bbrow\u00a0\u00bb use_row_as_full_screen_section=\u00a0\u00bbno\u00a0\u00bb type=\u00a0\u00bbgrid\u00a0\u00bb text_align=\u00a0\u00bbleft\u00a0\u00bb background_animation=\u00a0\u00bbnone\u00a0\u00bb padding_bottom=\u00a0\u00bb50&Prime; css_animation=\u00a0\u00bb\u00a0\u00bb full_screen_row_position=\u00a0\u00bbmiddle\u00a0\u00bb column_margin=\u00a0\u00bb90px\u00a0\u00bb equal_height=\u00a0\u00bbyes\u00a0\u00bb column_direction=\u00a0\u00bbdefault\u00a0\u00bb column_direction_tablet=\u00a0\u00bbdefault\u00a0\u00bb column_direction_phone=\u00a0\u00bbdefault\u00a0\u00bb scene_position=\u00a0\u00bbcenter\u00a0\u00bb text_color=\u00a0\u00bbdark\u00a0\u00bb row_border_radius=\u00a0\u00bbnone\u00a0\u00bb row_border_radius_applies=\u00a0\u00bbbg\u00a0\u00bb overlay_strength=\u00a0\u00bb0.3&Prime; gradient_direction=\u00a0\u00bbleft_to_right\u00a0\u00bb shape_divider_position=\u00a0\u00bbbottom\u00a0\u00bb bg_image_animation=\u00a0\u00bbnone\u00a0\u00bb shape_type=\u00a0\u00bb\u00a0\u00bb][vc_column width=\u00a0\u00bb2\/3&Prime; column_padding=\u00a0\u00bbno-extra-padding\u00a0\u00bb column_padding_tablet=\u00a0\u00bbinherit\u00a0\u00bb column_padding_phone=\u00a0\u00bbinherit\u00a0\u00bb column_padding_position=\u00a0\u00bball\u00a0\u00bb background_color_opacity=\u00a0\u00bb1&Prime; background_hover_color_opacity=\u00a0\u00bb1&Prime; column_shadow=\u00a0\u00bbnone\u00a0\u00bb column_border_radius=\u00a0\u00bbnone\u00a0\u00bb column_link_target=\u00a0\u00bb_self\u00a0\u00bb gradient_direction=\u00a0\u00bbleft_to_right\u00a0\u00bb overlay_strength=\u00a0\u00bb0.3&Prime; tablet_width_inherit=\u00a0\u00bbdefault\u00a0\u00bb tablet_text_alignment=\u00a0\u00bbdefault\u00a0\u00bb phone_text_alignment=\u00a0\u00bbdefault\u00a0\u00bb column_border_width=\u00a0\u00bbnone\u00a0\u00bb column_border_style=\u00a0\u00bbsolid\u00a0\u00bb bg_image_animation=\u00a0\u00bbnone\u00a0\u00bb][vc_column_text]Merci de l&rsquo;int\u00e9r\u00eat que vous...","og_url":"https:\/\/www.moove.store\/fr\/merci-de-linteret-que-vous-portez-a-nos-produits-et-services","og_site_name":"Moove","article_publisher":"https:\/\/www.facebook.com\/moove2018\/","article_modified_time":"2021-05-19T20:07:15+00:00","twitter_card":"summary_large_image","twitter_site":"@mooveproducts","twitter_misc":{"Dur\u00e9e de lecture estim\u00e9e":"2 minutes"},"schema":{"@context":"https:\/\/schema.org","@graph":[{"@type":"WebPage","@id":"https:\/\/www.moove.store\/fr\/merci-de-linteret-que-vous-portez-a-nos-produits-et-services","url":"https:\/\/www.moove.store\/fr\/merci-de-linteret-que-vous-portez-a-nos-produits-et-services","name":"Merci de l'int\u00e9r\u00eat que vous portez \u00e0 nos produits et services - Moove","isPartOf":{"@id":"https:\/\/www.moove.store\/#website"},"datePublished":"2021-05-19T19:56:32+00:00","dateModified":"2021-05-19T20:07:15+00:00","breadcrumb":{"@id":"https:\/\/www.moove.store\/fr\/merci-de-linteret-que-vous-portez-a-nos-produits-et-services#breadcrumb"},"inLanguage":"fr-FR","potentialAction":[{"@type":"ReadAction","target":["https:\/\/www.moove.store\/fr\/merci-de-linteret-que-vous-portez-a-nos-produits-et-services"]}]},{"@type":"BreadcrumbList","@id":"https:\/\/www.moove.store\/fr\/merci-de-linteret-que-vous-portez-a-nos-produits-et-services#breadcrumb","itemListElement":[{"@type":"ListItem","position":1,"name":"Home","item":"https:\/\/www.moove.store\/fr"},{"@type":"ListItem","position":2,"name":"Merci de l&rsquo;int\u00e9r\u00eat que vous portez \u00e0 nos produits et services"}]},{"@type":"WebSite","@id":"https:\/\/www.moove.store\/#website","url":"https:\/\/www.moove.store\/","name":"Moove","description":"High-end products for wheelchair users.","publisher":{"@id":"https:\/\/www.moove.store\/#organization"},"potentialAction":[{"@type":"SearchAction","target":{"@type":"EntryPoint","urlTemplate":"https:\/\/www.moove.store\/?s={search_term_string}"},"query-input":{"@type":"PropertyValueSpecification","valueRequired":true,"valueName":"search_term_string"}}],"inLanguage":"fr-FR"},{"@type":"Organization","@id":"https:\/\/www.moove.store\/#organization","name":"Moove Store","url":"https:\/\/www.moove.store\/","logo":{"@type":"ImageObject","inLanguage":"fr-FR","@id":"https:\/\/www.moove.store\/#\/schema\/logo\/image\/","url":"https:\/\/www.moove.store\/wp-content\/uploads\/2018\/10\/logo.png","contentUrl":"https:\/\/www.moove.store\/wp-content\/uploads\/2018\/10\/logo.png","width":232,"height":97,"caption":"Moove Store"},"image":{"@id":"https:\/\/www.moove.store\/#\/schema\/logo\/image\/"},"sameAs":["https:\/\/www.facebook.com\/moove2018\/","https:\/\/x.com\/mooveproducts","https:\/\/www.instagram.com\/philoubedard\/"]}]}},"_links":{"self":[{"href":"https:\/\/www.moove.store\/fr\/wp-json\/wp\/v2\/pages\/22717","targetHints":{"allow":["GET"]}}],"collection":[{"href":"https:\/\/www.moove.store\/fr\/wp-json\/wp\/v2\/pages"}],"about":[{"href":"https:\/\/www.moove.store\/fr\/wp-json\/wp\/v2\/types\/page"}],"author":[{"embeddable":true,"href":"https:\/\/www.moove.store\/fr\/wp-json\/wp\/v2\/users\/1"}],"replies":[{"embeddable":true,"href":"https:\/\/www.moove.store\/fr\/wp-json\/wp\/v2\/comments?post=22717"}],"version-history":[{"count":4,"href":"https:\/\/www.moove.store\/fr\/wp-json\/wp\/v2\/pages\/22717\/revisions"}],"predecessor-version":[{"id":22721,"href":"https:\/\/www.moove.store\/fr\/wp-json\/wp\/v2\/pages\/22717\/revisions\/22721"}],"wp:attachment":[{"href":"https:\/\/www.moove.store\/fr\/wp-json\/wp\/v2\/media?parent=22717"}],"curies":[{"name":"wp","href":"https:\/\/api.w.org\/{rel}","templated":true}]}}